{"id":22821,"date":"2020-12-14T15:40:35","date_gmt":"2020-12-14T14:40:35","guid":{"rendered":"https:\/\/www.interbusinesschamber.com\/produit\/bioderma-spray-enfants-photoderm-kid-spf50-200ml\/"},"modified":"2020-12-29T16:50:33","modified_gmt":"2020-12-29T15:50:33","slug":"bioderma-spray-enfants-photoderm-kid-spf50-200ml","status":"publish","type":"product","link":"https:\/\/www.sopha-sahara.com\/en\/product\/bioderma-spray-enfants-photoderm-kid-spf50-200ml\/","title":{"rendered":"BIODERMA SPRAY ENFANTS PHOTODERM KID SPF50+ 200ML"},"content":{"rendered":"","protected":false},"excerpt":{"rendered":"<p>Bioderma spray enfants photoderm kid spf50+, 200ml\u00a0<br \/>Lait enfant visage et corps\u00a0<br \/>A partir de 3 ans\u00a0<br \/>Tr\u00e8s haute protection\u00a0<br \/>Texture bleue (la couleur bleue disparait rapidement apr\u00e8s l&rsquo;application) &#8211; Application s\u00e9curis\u00e9e\u00a0<br \/>R\u00e9siste aux baignades r\u00e9p\u00e9t\u00e9es\u00a0<br \/>Sans parfum &#8211; Sans paraben &#8211; Non com\u00e9dog\u00e8ne &#8211; Hypoallerg\u00e9nique\u00a0<br \/>Sans effet gras &#8211; Sans traces\u00a0<br \/>Excellente tol\u00e9rance &#8211; Photostable &#8211; Sans octocryl\u00e8ne\u00a0<\/p>","protected":false},"featured_media":23009,"template":"","meta":{"arc_restricted_post":false},"product_cat":[330,48],"product_tag":[],"_links":{"self":[{"href":"https:\/\/www.sopha-sahara.com\/en\/wp-json\/wp\/v2\/product\/22821"}],"collection":[{"href":"https:\/\/www.sopha-sahara.com\/en\/wp-json\/wp\/v2\/product"}],"about":[{"href":"https:\/\/www.sopha-sahara.com\/en\/wp-json\/wp\/v2\/types\/product"}],"wp:featuredmedia":[{"embeddable":true,"href":"https:\/\/www.sopha-sahara.com\/en\/wp-json\/wp\/v2\/media\/23009"}],"wp:attachment":[{"href":"https:\/\/www.sopha-sahara.com\/en\/wp-json\/wp\/v2\/media?parent=22821"}],"wp:term":[{"taxonomy":"product_cat","embeddable":true,"href":"https:\/\/www.sopha-sahara.com\/en\/wp-json\/wp\/v2\/product_cat?post=22821"},{"taxonomy":"product_tag","embeddable":true,"href":"https:\/\/www.sopha-sahara.com\/en\/wp-json\/wp\/v2\/product_tag?post=22821"}],"curies":[{"name":"wp","href":"https:\/\/api.w.org\/{rel}","templated":true}]}}