{"id":22820,"date":"2020-12-14T15:40:34","date_gmt":"2020-12-14T14:40:34","guid":{"rendered":"https:\/\/www.interbusinesschamber.com\/produit\/bioderma-sebium-serum-concentre-renovateur-purifiant-40-ml\/"},"modified":"2020-12-29T16:36:24","modified_gmt":"2020-12-29T15:36:24","slug":"bioderma-sebium-serum-concentre-renovateur-purifiant-40-ml","status":"publish","type":"product","link":"https:\/\/www.sopha-sahara.com\/en\/product\/bioderma-sebium-serum-concentre-renovateur-purifiant-40-ml\/","title":{"rendered":"BIODERMA S\u00c9BIUM S\u00c9RUM CONCENTR\u00c9 R\u00c9NOVATEUR PURIFIANT 40 ML"},"content":{"rendered":"<p><strong>Conseils d'utilisation :\u00a0<\/strong><br \/>Appliquer un soir sur deux, sur le visage parfaitement nettoy\u00e9 avec SEBIUM H2O ou SEBIUM GEL MOUSSANT.\u00a0<br \/>Pour un r\u00e9sultat optimal, utiliser SEBIUM SERUM en \"cure\" de 4 semaines cons\u00e9cutives, seul ou sous votre soin habituel.\u00a0<br \/>Eviter le contour des yeux et des l\u00e8vres.<\/p>","protected":false},"excerpt":{"rendered":"<p>Bioderma S\u00e9bium s\u00e9rum concentr\u00e9 r\u00e9novateur purifiant &#8211; 40 ml uniformise les reliefs irr\u00e9guliers et recr\u00e9e l&rsquo;\u00e9clat naturel de la peau.SEBIUM SERUM associe le complexe exclusif brevet\u00e9 Fluidactiv\u00ae, qui corrige et normalise la qualit\u00e9 du s\u00e9bum afin de limiter l&rsquo;apparation de nouvelles imperfections, \u00e0 deux actifs dermatologiques : l&rsquo;acide glycolique pour son action lissante, purifiante et le D-Panthenol pour son action apaisante intense. Sa texture innovante sous forme de gel offre une bonne tol\u00e9rance.\u00a0<\/p>","protected":false},"featured_media":22995,"template":"","meta":{"arc_restricted_post":false},"product_cat":[330,48],"product_tag":[],"_links":{"self":[{"href":"https:\/\/www.sopha-sahara.com\/en\/wp-json\/wp\/v2\/product\/22820"}],"collection":[{"href":"https:\/\/www.sopha-sahara.com\/en\/wp-json\/wp\/v2\/product"}],"about":[{"href":"https:\/\/www.sopha-sahara.com\/en\/wp-json\/wp\/v2\/types\/product"}],"wp:featuredmedia":[{"embeddable":true,"href":"https:\/\/www.sopha-sahara.com\/en\/wp-json\/wp\/v2\/media\/22995"}],"wp:attachment":[{"href":"https:\/\/www.sopha-sahara.com\/en\/wp-json\/wp\/v2\/media?parent=22820"}],"wp:term":[{"taxonomy":"product_cat","embeddable":true,"href":"https:\/\/www.sopha-sahara.com\/en\/wp-json\/wp\/v2\/product_cat?post=22820"},{"taxonomy":"product_tag","embeddable":true,"href":"https:\/\/www.sopha-sahara.com\/en\/wp-json\/wp\/v2\/product_tag?post=22820"}],"curies":[{"name":"wp","href":"https:\/\/api.w.org\/{rel}","templated":true}]}}