{"id":22819,"date":"2020-12-14T15:40:34","date_gmt":"2020-12-14T14:40:34","guid":{"rendered":"https:\/\/www.interbusinesschamber.com\/produit\/bioderma-hydrabio-lotion-tonique-250-ml\/"},"modified":"2020-12-29T15:41:50","modified_gmt":"2020-12-29T14:41:50","slug":"bioderma-hydrabio-lotion-tonique-250-ml","status":"publish","type":"product","link":"https:\/\/www.sopha-sahara.com\/en\/product\/bioderma-hydrabio-lotion-tonique-250-ml\/","title":{"rendered":"BIODERMA HYDRABIO LOTION TONIQUE 250 ML"},"content":{"rendered":"<p><strong>Conseils d'utilisation:\u00a0<\/strong><\/p>\n<p>Imbibez un coton avec Hydrabio Lotion Tonique et appliquez par tamponnements d\u00e9licats sur le visage, les yeux et le cou, pr\u00e9alablement nettoy\u00e9s avec Hydrabio Eau Lact\u00e9e.\u00a0<br \/>Hydrabio Lotion Tonique peut ne pas se rincer.Il est id\u00e9al avant l'application du soin r\u00e9hydratant profond g\u00e9n\u00e9rateur d'hydratation Hydrabio Cr\u00e8me Riche ou Hydrabio Cr\u00e8me L\u00e9g\u00e8re.\u00a0<\/p>","protected":false},"excerpt":{"rendered":"<p>Tous les jours pollution, stress, froid perturbent l&rsquo;activit\u00e9 cellulaire de la peau. Elle se d\u00e9shydrate, tiraille, devient inconfortable, perd de son \u00e9clat.\u00a0<br \/>Hydrabio Lotion Tonique est la premi\u00e8re lotion tonique hydratante \u00e0 l&rsquo;Aquag\u00e9nium. Innovation Bioderma ce complexe biologique brevet\u00e9 r\u00e9apprend \u00e0 la peau \u00e0 g\u00e9n\u00e9rer, en profondeur, et \u00e0 retenir, en surface, l&rsquo;eau indispensable \u00e0 son \u00e9quilibre naturel.\u00a0<br \/>R\u00e9\u00e9quilibr\u00e9e, hydrat\u00e9e durablement, la peau retrouve confort, souplesse et \u00e9clat.La texture l\u00e9g\u00e8re d&rsquo;Hydrabio Lotion Tonique apporte une agr\u00e9able sensation de fra\u00eecheur. La peau retrouve tonus et \u00e9clat.\u00a0<br \/>Hydrabio Lotion Tonique garantit une excellente tol\u00e9rance cutan\u00e9e et oculaire.\u00a0<br \/>Hydrabio Lotion Tonique est non com\u00e9dog\u00e8ne et hypoallerg\u00e9nique.\u00a0<br \/>Hydrabio Lotion tonique pour peaux d\u00e9shydrat\u00e9es et sensibles.\u00a0<\/p>","protected":false},"featured_media":22952,"template":"","meta":{"arc_restricted_post":false},"product_cat":[330,48],"product_tag":[],"_links":{"self":[{"href":"https:\/\/www.sopha-sahara.com\/en\/wp-json\/wp\/v2\/product\/22819"}],"collection":[{"href":"https:\/\/www.sopha-sahara.com\/en\/wp-json\/wp\/v2\/product"}],"about":[{"href":"https:\/\/www.sopha-sahara.com\/en\/wp-json\/wp\/v2\/types\/product"}],"wp:featuredmedia":[{"embeddable":true,"href":"https:\/\/www.sopha-sahara.com\/en\/wp-json\/wp\/v2\/media\/22952"}],"wp:attachment":[{"href":"https:\/\/www.sopha-sahara.com\/en\/wp-json\/wp\/v2\/media?parent=22819"}],"wp:term":[{"taxonomy":"product_cat","embeddable":true,"href":"https:\/\/www.sopha-sahara.com\/en\/wp-json\/wp\/v2\/product_cat?post=22819"},{"taxonomy":"product_tag","embeddable":true,"href":"https:\/\/www.sopha-sahara.com\/en\/wp-json\/wp\/v2\/product_tag?post=22819"}],"curies":[{"name":"wp","href":"https:\/\/api.w.org\/{rel}","templated":true}]}}