{"id":22818,"date":"2020-12-14T15:40:34","date_gmt":"2020-12-14T14:40:34","guid":{"rendered":"https:\/\/www.interbusinesschamber.com\/produit\/bioderma-sebium-masque-purifiant-tube-40ml\/"},"modified":"2020-12-29T16:35:01","modified_gmt":"2020-12-29T15:35:01","slug":"bioderma-sebium-masque-purifiant-tube-40ml","status":"publish","type":"product","link":"https:\/\/www.sopha-sahara.com\/en\/product\/bioderma-sebium-masque-purifiant-tube-40ml\/","title":{"rendered":"BIODERMA S\u00c9BIUM MASQUE PURIFIANT TUBE 40ML"},"content":{"rendered":"<p><strong>Conseils d'utilisation:<\/strong><\/p>\n<p>Peaux mixtes \u00e0 grasses.\u00a0<\/p>\n<p>- Appliquer en couche \u00e9paisse et uniforme sur une peau s\u00e8che, parfaitement nettoy\u00e9e avec S\u00e9bium H2O ou S\u00e9bium Gel Moussant.\u00a0<\/p>\n<p>- Laisser agir 5 minutes, gommer par mouvements circulaires, rincer abondamment et s\u00e9cher.\u00a0<\/p>\n<p>- S\u2019utilise 1 \u00e0 2 fois par semaine.\u00a0<\/p>\n<p>- \u00c9viter le contact avec les yeuxts\u00a0<\/p>","protected":false},"excerpt":{"rendered":"<p>Bioderma S\u00e9bium Masque Purifiant Tube \u00e9limine les impuret\u00e9s et r\u00e9gule l\u2019exc\u00e8s de s\u00e9bum.\u00a0<br \/>&#8211; Il procure un effet matifiant imm\u00e9diat et une agr\u00e9able sensation de fra\u00eecheur.\u00a0<br \/>&#8211; Le complexe exclusif brevet\u00e9 Fluidactiv\u00ae corrige et normalise la qualit\u00e9 du s\u00e9bum et pr\u00e9vient ainsi l\u2019apparition des imperfections.\u00a0<br \/>&#8211; L\u2019action dermatologique purifiante du kaolin associ\u00e9e \u00e0 des agenantibact\u00e9riens assainit les pores de la peau en profondeur.\u00a0<br \/>&#8211; L\u2019effet \u00abgomme\u00bb combin\u00e9 \u00e0 la texture absorbante et douce de S\u00e9bium Masque, \u00e9limine les impuret\u00e9s qui ternissent l\u2019\u00e9clat du visage.\u00a0<br \/>&#8211; Le grain de peau s\u2019affine, le teint est mat et uniforme.\u00a0<br \/>&#8211; Non com\u00e9dog\u00e8ne.\u00a0<br \/>&#8211; Hypoallerg\u00e9nique.\u00a0<\/p>","protected":false},"featured_media":22992,"template":"","meta":{"arc_restricted_post":false},"product_cat":[330,48],"product_tag":[],"_links":{"self":[{"href":"https:\/\/www.sopha-sahara.com\/en\/wp-json\/wp\/v2\/product\/22818"}],"collection":[{"href":"https:\/\/www.sopha-sahara.com\/en\/wp-json\/wp\/v2\/product"}],"about":[{"href":"https:\/\/www.sopha-sahara.com\/en\/wp-json\/wp\/v2\/types\/product"}],"wp:featuredmedia":[{"embeddable":true,"href":"https:\/\/www.sopha-sahara.com\/en\/wp-json\/wp\/v2\/media\/22992"}],"wp:attachment":[{"href":"https:\/\/www.sopha-sahara.com\/en\/wp-json\/wp\/v2\/media?parent=22818"}],"wp:term":[{"taxonomy":"product_cat","embeddable":true,"href":"https:\/\/www.sopha-sahara.com\/en\/wp-json\/wp\/v2\/product_cat?post=22818"},{"taxonomy":"product_tag","embeddable":true,"href":"https:\/\/www.sopha-sahara.com\/en\/wp-json\/wp\/v2\/product_tag?post=22818"}],"curies":[{"name":"wp","href":"https:\/\/api.w.org\/{rel}","templated":true}]}}