{"id":22817,"date":"2020-12-14T15:40:34","date_gmt":"2020-12-14T14:40:34","guid":{"rendered":"https:\/\/www.interbusinesschamber.com\/produit\/bioderma-sebium-mat-control-30ml\/"},"modified":"2020-12-29T16:37:28","modified_gmt":"2020-12-29T15:37:28","slug":"bioderma-sebium-mat-control-30ml","status":"publish","type":"product","link":"https:\/\/www.sopha-sahara.com\/en\/product\/bioderma-sebium-mat-control-30ml\/","title":{"rendered":"BIODERMA SEBIUM MAT CONTROL 30ML"},"content":{"rendered":"<p>- Efficacit\u00e9 instantan\u00e9e et pendant 8 heures: hydrate, matifie, lisse les irr\u00e9gularit\u00e9s instantan\u00e9ment gr\u00e2ce \u00e0 sa texture correctrice nouvelle g\u00e9n\u00e9ration.<br \/>- Efficacit\u00e9 en continu: r\u00e9gule biologiquement les brillances, affine le grain de peau et resserre les pores, limite l'apparition des imperfections.<br \/>Le brevet exclusif Fluidactiv normalise biologiquement la qualit\u00e9 du s\u00e9bum et \u00e9vite l'obtruction des pores, source d'imperfections.<br \/>Intantan\u00e9ment, la peau est sublim\u00e9e. Jour apr\u00e8s jour, la peau se transforme. La texture fra\u00eeche et ultra-sensorielle p\u00e9n\u00e8tre rapidement et laisse la peau confortable.<br \/>Ne peluche pas. Excellente tol\u00e9rance. Non com\u00e9dog\u00e8ne. Test\u00e9 dermatologiquement.<br \/>\u00a0<\/p>\n<p><strong>Conseils d'utilisation :<\/strong><\/p>\n<p>Appliquer matin et\/ou soir sur une peau nettoy\u00e9e avec S\u00e9bium Gel moussant ou S\u00e9bium H2O.<br \/>Bonne base de maquillage.<\/p>","protected":false},"excerpt":{"rendered":"<p>Bioderma innove encore dans le domaine de la peau grasse et faire S\u00e9bium Mat contr\u00f4le particuli\u00e8rement adapt\u00e9 pour les peaux mixtes et grasses. R\u00e9git la luminosit\u00e9 par sa composition de zinc et de la vitamine B6 affine \u00e9galement la texture de la peau, resserre les pores et limite l&rsquo;apparition des imperfections, le tout sans effets com\u00e9dog\u00e8nes depuis obstruer les pores. Il donne \u00e0 la peau une lumi\u00e8re naturelle et un effet sain sans impuret\u00e9s.<\/p>","protected":false},"featured_media":22993,"template":"","meta":{"arc_restricted_post":false},"product_cat":[330,48],"product_tag":[],"_links":{"self":[{"href":"https:\/\/www.sopha-sahara.com\/en\/wp-json\/wp\/v2\/product\/22817"}],"collection":[{"href":"https:\/\/www.sopha-sahara.com\/en\/wp-json\/wp\/v2\/product"}],"about":[{"href":"https:\/\/www.sopha-sahara.com\/en\/wp-json\/wp\/v2\/types\/product"}],"wp:featuredmedia":[{"embeddable":true,"href":"https:\/\/www.sopha-sahara.com\/en\/wp-json\/wp\/v2\/media\/22993"}],"wp:attachment":[{"href":"https:\/\/www.sopha-sahara.com\/en\/wp-json\/wp\/v2\/media?parent=22817"}],"wp:term":[{"taxonomy":"product_cat","embeddable":true,"href":"https:\/\/www.sopha-sahara.com\/en\/wp-json\/wp\/v2\/product_cat?post=22817"},{"taxonomy":"product_tag","embeddable":true,"href":"https:\/\/www.sopha-sahara.com\/en\/wp-json\/wp\/v2\/product_tag?post=22817"}],"curies":[{"name":"wp","href":"https:\/\/api.w.org\/{rel}","templated":true}]}}