{"id":22816,"date":"2020-12-14T15:40:34","date_gmt":"2020-12-14T14:40:34","guid":{"rendered":"https:\/\/www.interbusinesschamber.com\/produit\/bioderma-node-shampooing-fluide-200ml\/"},"modified":"2020-12-29T16:10:15","modified_gmt":"2020-12-29T15:10:15","slug":"bioderma-node-shampooing-fluide-200ml","status":"publish","type":"product","link":"https:\/\/www.sopha-sahara.com\/en\/product\/bioderma-node-shampooing-fluide-200ml\/","title":{"rendered":"BIODERMA NOD\u00c9 SHAMPOOING FLUIDE 200ML"},"content":{"rendered":"<p>Bioderma Nod\u00e9 Fluide shampooing de soin \u00e0 usage quotidien, non d\u00e9tergent, adapt\u00e9 au lavage r\u00e9gulier de tous les types de cheveux.\u00a0<br \/>Nod\u00e9 peut \u00e9galement \u00eatre utilis\u00e9 en relais de shampooings traitants.\u00a0<\/p>\n<p>La base lavante non irritante et non d\u00e9lipidante de Nod\u00e9 permet de nettoyer parfaitement les salissures et d\u2019\u00e9viter le regraissage trop rapide des cheveux.\u00a0<br \/>Ses propri\u00e9t\u00e9s gainantes et restructurantes renforcent la tige capillaire, facilite le coiffage et redonne du volume au cheveu.\u00a0<\/p>\n<p>R\u00e9guli\u00e8rement utilis\u00e9, Nod\u00e9 \u00e9vite les d\u00e9s\u00e9quilibres capillaires.\u00a0<\/p>\n<p><strong>UTILISATION:<\/strong>\u00a0<\/p>\n<p>Apr\u00e8s avoir mouill\u00e9 vos cheveux, appliquez Nod\u00e9 et faites mousser en massant le cuir chevelu sans l\u2019agresser. Rincez abondamment \u00e0 l\u2019eau ti\u00e8de. Renouvelez l\u2019op\u00e9ration. Le temps de rin\u00e7age doit toujours \u00eatre sup\u00e9rieur au temps de lavage.\u00a0<br \/>Laissez s\u00e9cher vos cheveux \u00e0 l\u2019air libre ou, si vous utilisez un s\u00e9choir, veillez \u00e0 ce que l\u2019air ne soit pas trop chaud (l\u2019exc\u00e8s de chaleur stimule les s\u00e9cr\u00e9tions de sueur et de s\u00e9bum et rend les cheveux \u00e9lectriques). Nod\u00e9 peut s\u2019utiliser aussi souvent que n\u00e9cessaire\u00a0<\/p>","protected":false},"excerpt":{"rendered":"<p>Bioderma Nod\u00e9 Shampooing Fluide 200 ml\u00a0<\/p>\n<p>Tous types de cheveux\u00a0<br \/>Peut \u00eatre utilis\u00e9 en relais des shampooings traitants\u00a0<\/p>\n<p>Usage quotidien\u00a0<br \/>CHEVEUX ET CUIR CHEVELU &#8211; ADULTE &#8211; ADO &#8211; ENFANT &#8211; B\u00c9B\u00c9\u00a0<\/p>","protected":false},"featured_media":22964,"template":"","meta":{"arc_restricted_post":false},"product_cat":[330,48],"product_tag":[],"_links":{"self":[{"href":"https:\/\/www.sopha-sahara.com\/en\/wp-json\/wp\/v2\/product\/22816"}],"collection":[{"href":"https:\/\/www.sopha-sahara.com\/en\/wp-json\/wp\/v2\/product"}],"about":[{"href":"https:\/\/www.sopha-sahara.com\/en\/wp-json\/wp\/v2\/types\/product"}],"wp:featuredmedia":[{"embeddable":true,"href":"https:\/\/www.sopha-sahara.com\/en\/wp-json\/wp\/v2\/media\/22964"}],"wp:attachment":[{"href":"https:\/\/www.sopha-sahara.com\/en\/wp-json\/wp\/v2\/media?parent=22816"}],"wp:term":[{"taxonomy":"product_cat","embeddable":true,"href":"https:\/\/www.sopha-sahara.com\/en\/wp-json\/wp\/v2\/product_cat?post=22816"},{"taxonomy":"product_tag","embeddable":true,"href":"https:\/\/www.sopha-sahara.com\/en\/wp-json\/wp\/v2\/product_tag?post=22816"}],"curies":[{"name":"wp","href":"https:\/\/api.w.org\/{rel}","templated":true}]}}