{"id":22814,"date":"2020-12-14T15:40:34","date_gmt":"2020-12-14T14:40:34","guid":{"rendered":"https:\/\/www.interbusinesschamber.com\/produit\/bioderma-atoderm-intensive-soin-emollient-apaisant-75-ml\/"},"modified":"2020-12-29T15:18:03","modified_gmt":"2020-12-29T14:18:03","slug":"bioderma-atoderm-intensive-soin-emollient-apaisant-75-ml","status":"publish","type":"product","link":"https:\/\/www.sopha-sahara.com\/en\/product\/bioderma-atoderm-intensive-soin-emollient-apaisant-75-ml\/","title":{"rendered":"BIODERMA ATODERM INTENSIVE SOIN \u00c9MOLLIENT APAISANT 75 ML"},"content":{"rendered":"<p><strong>UTILISATION:\u00a0<\/strong><br \/>1 \u00e0 2 fois\/jour - 7 jours\/7\u00a0<br \/>\u00c0 utiliser au quotidien et en association des dermocortico\u00efdes\u00a0<br \/>Appliquez Atoderm Intensive sur le visage et\/ou le corps pr\u00e9alablement nettoy\u00e9(s) avec Atoderm PP Gel moussant et d\u00e9licatement s\u00e9ch\u00e9(s).\u00a0<\/p>","protected":false},"excerpt":{"rendered":"<p>Bioderma Atoderm Intensive 75ml\u00a0<br \/>Peaux tr\u00e8s s\u00e8ches et irrit\u00e9es avec d\u00e9mangeaisons\u00a0<br \/>VISAGE- CORPS &#8211; ADULTE &#8211; ENFANT &#8211; B\u00c9B\u00c9\u00a0<br \/>Bioderma Atoderm Intensive soin \u00e9mollient apaisant Le soin 2 en 1 apaisant et dermo-consolidant pour retrouver le confort d&rsquo;une peau saine.\u00a0<br \/>Atoderm Intensive stoppe rapidement les d\u00e9mangeaisons et diminue l\u2019incitation au grattage gr\u00e2ce \u00e0 son actif dermatologique anti-prurit PEA.\u00a0<br \/>Enrichi en agents apaisants et purifiants, il calme imm\u00e9diatement les irritations.\u00a0<br \/>Atoderm Intensive reconstruit durablement la barri\u00e8re cutan\u00e9e gr\u00e2ce \u00e0 son complexe exclusif Lipigenium\u00ae compos\u00e9 de biolipides naturellement pr\u00e9sents dans l\u2019\u00e9piderme.\u00a0<br \/>Son brevet Skin Barrier Therapy\u00ae permet de limiter d\u2019une part, l\u2019adh\u00e9sion et la prolif\u00e9ration du staphylocoque dor\u00e9 et d\u2019autre part, la p\u00e9n\u00e9tration d\u2019allerg\u00e8nes, 2 facteurs d\u2019aggravation de la s\u00e9cheresse.\u00a0<\/p>","protected":false},"featured_media":22936,"template":"","meta":{"arc_restricted_post":false},"product_cat":[330,48],"product_tag":[],"_links":{"self":[{"href":"https:\/\/www.sopha-sahara.com\/en\/wp-json\/wp\/v2\/product\/22814"}],"collection":[{"href":"https:\/\/www.sopha-sahara.com\/en\/wp-json\/wp\/v2\/product"}],"about":[{"href":"https:\/\/www.sopha-sahara.com\/en\/wp-json\/wp\/v2\/types\/product"}],"wp:featuredmedia":[{"embeddable":true,"href":"https:\/\/www.sopha-sahara.com\/en\/wp-json\/wp\/v2\/media\/22936"}],"wp:attachment":[{"href":"https:\/\/www.sopha-sahara.com\/en\/wp-json\/wp\/v2\/media?parent=22814"}],"wp:term":[{"taxonomy":"product_cat","embeddable":true,"href":"https:\/\/www.sopha-sahara.com\/en\/wp-json\/wp\/v2\/product_cat?post=22814"},{"taxonomy":"product_tag","embeddable":true,"href":"https:\/\/www.sopha-sahara.com\/en\/wp-json\/wp\/v2\/product_tag?post=22814"}],"curies":[{"name":"wp","href":"https:\/\/api.w.org\/{rel}","templated":true}]}}