{"id":22813,"date":"2020-12-14T15:40:34","date_gmt":"2020-12-14T14:40:34","guid":{"rendered":"https:\/\/www.interbusinesschamber.com\/produit\/bioderma-atoderm-intensive-gel-moussant-200ml\/"},"modified":"2020-12-29T15:14:14","modified_gmt":"2020-12-29T14:14:14","slug":"bioderma-atoderm-intensive-gel-moussant-200ml","status":"publish","type":"product","link":"https:\/\/www.sopha-sahara.com\/en\/product\/bioderma-atoderm-intensive-gel-moussant-200ml\/","title":{"rendered":"BIODERMA ATODERM INTENSIVE GEL MOUSSANT 200ML"},"content":{"rendered":"","protected":false},"excerpt":{"rendered":"<p>Bioderma Atoderm PP Gel Moussant &#8211; Peau S\u00e8che 200ml\u00a0<\/p>\n<p>Le gel nettoyant quotidien apaisant, purifiant et relipidant\u00a0<\/p>\n<p>Peaux sensibles tr\u00e8s s\u00e8ches \u00e0 atopiques\u00a0<br \/>CORPS &#8211; VISAGE &#8211; ADULTE &#8211; ENFANT &#8211; B\u00c9B\u00c9\u00a0<\/p>\n<p>Bioderma Atoderm PP Gel Moussant Peau S\u00e8che\u00a0<br \/>gel nettoyant quotidien surgras, purifiant et relipidant destin\u00e9 aux peaux tr\u00e8s s\u00e8ches.\u00a0<br \/>&#8211; Formul\u00e9 \u00e0 partir d&rsquo;actifs purifiants, Atoderm Gel moussant surgras lutte contre la prolif\u00e9ration de micro-organismes, agents irritants responsables de l\u2019aggravation de la s\u00e9cheresse cutan\u00e9e.\u00a0<br \/>&#8211; La base lavante surgraissante sans savon, le pH physiologique, l\u2019absence de conservateur et de parfum respectent l\u2019int\u00e9grit\u00e9 de la peau et garantissent une tol\u00e9rance optimale.\u00a0<\/p>","protected":false},"featured_media":22935,"template":"","meta":{"arc_restricted_post":false},"product_cat":[330,48],"product_tag":[],"_links":{"self":[{"href":"https:\/\/www.sopha-sahara.com\/en\/wp-json\/wp\/v2\/product\/22813"}],"collection":[{"href":"https:\/\/www.sopha-sahara.com\/en\/wp-json\/wp\/v2\/product"}],"about":[{"href":"https:\/\/www.sopha-sahara.com\/en\/wp-json\/wp\/v2\/types\/product"}],"wp:featuredmedia":[{"embeddable":true,"href":"https:\/\/www.sopha-sahara.com\/en\/wp-json\/wp\/v2\/media\/22935"}],"wp:attachment":[{"href":"https:\/\/www.sopha-sahara.com\/en\/wp-json\/wp\/v2\/media?parent=22813"}],"wp:term":[{"taxonomy":"product_cat","embeddable":true,"href":"https:\/\/www.sopha-sahara.com\/en\/wp-json\/wp\/v2\/product_cat?post=22813"},{"taxonomy":"product_tag","embeddable":true,"href":"https:\/\/www.sopha-sahara.com\/en\/wp-json\/wp\/v2\/product_tag?post=22813"}],"curies":[{"name":"wp","href":"https:\/\/api.w.org\/{rel}","templated":true}]}}