{"id":22812,"date":"2020-12-14T15:40:34","date_gmt":"2020-12-14T14:40:34","guid":{"rendered":"https:\/\/www.interbusinesschamber.com\/produit\/bioderma-sensibio-light-40ml\/"},"modified":"2020-12-29T16:49:35","modified_gmt":"2020-12-29T15:49:35","slug":"bioderma-sensibio-light-40ml","status":"publish","type":"product","link":"https:\/\/www.sopha-sahara.com\/en\/product\/bioderma-sensibio-light-40ml\/","title":{"rendered":"BIODERMA SENSIBIO LIGHT 40ML"},"content":{"rendered":"<p><strong>Conseils d'utilisation:\u00a0<\/strong><\/p>\n<p>Appliquez Bioderma Sensibio Light 1 \u00e0 2 fois par jour sur le visage et le cou nettoy\u00e9s.\u00a0<br \/>Hypoallerg\u00e9nique,Sans tensioactifs,Sans conservateur,Non com\u00e9dog\u00e8ne,Sans parfum\u00a0<\/p>","protected":false},"excerpt":{"rendered":"<p>Bioderma Sensibio Light Soin quotidien des peaux sensibles, r\u00e9actives et intol\u00e9rantes\u00a0<br \/>Nouvelle avanc\u00e9e dans le domaine des peaux sensibles et intol\u00e9rantes, le complexe brevet\u00e9 Tol\u00e9ridine agit imm\u00e9diatement et durablement contre l\u2019inflammation. Il augmente le seuil de tol\u00e9rance de la peau.elle devient plus r\u00e9sistante, elle est ainsi mieux prot\u00e9g\u00e9e face aux agressions ext\u00e9rieures et devient donc moins r\u00e9active.\u00a0<br \/>Sensibio Light apaise les sensations d\u2019\u00e9chauffements, les tiraillements et procure un confort instantan\u00e9.\u00a0<br \/>Sensibio Light hydrate et restructure la barri\u00e8re cutan\u00e9e emp\u00eachant ainsi la p\u00e9n\u00e9tration d\u2019agents irritants.\u00a0<br \/>La texture soyeuse de Sensibio Light apporte douceur et souplesse \u00e0 la peau.\u00a0<\/p>","protected":false},"featured_media":23007,"template":"","meta":{"arc_restricted_post":false},"product_cat":[330,48],"product_tag":[],"_links":{"self":[{"href":"https:\/\/www.sopha-sahara.com\/en\/wp-json\/wp\/v2\/product\/22812"}],"collection":[{"href":"https:\/\/www.sopha-sahara.com\/en\/wp-json\/wp\/v2\/product"}],"about":[{"href":"https:\/\/www.sopha-sahara.com\/en\/wp-json\/wp\/v2\/types\/product"}],"wp:featuredmedia":[{"embeddable":true,"href":"https:\/\/www.sopha-sahara.com\/en\/wp-json\/wp\/v2\/media\/23007"}],"wp:attachment":[{"href":"https:\/\/www.sopha-sahara.com\/en\/wp-json\/wp\/v2\/media?parent=22812"}],"wp:term":[{"taxonomy":"product_cat","embeddable":true,"href":"https:\/\/www.sopha-sahara.com\/en\/wp-json\/wp\/v2\/product_cat?post=22812"},{"taxonomy":"product_tag","embeddable":true,"href":"https:\/\/www.sopha-sahara.com\/en\/wp-json\/wp\/v2\/product_tag?post=22812"}],"curies":[{"name":"wp","href":"https:\/\/api.w.org\/{rel}","templated":true}]}}