{"id":22811,"date":"2020-12-14T15:40:34","date_gmt":"2020-12-14T14:40:34","guid":{"rendered":"https:\/\/www.interbusinesschamber.com\/produit\/bioderma-hydrabio-lait-nettoyant-hydratant-250-ml\/"},"modified":"2020-12-29T15:38:41","modified_gmt":"2020-12-29T14:38:41","slug":"bioderma-hydrabio-lait-nettoyant-hydratant-250-ml","status":"publish","type":"product","link":"https:\/\/www.sopha-sahara.com\/en\/product\/bioderma-hydrabio-lait-nettoyant-hydratant-250-ml\/","title":{"rendered":"BIODERMA HYDRABIO LAIT NETTOYANT HYDRATANT 250 ML"},"content":{"rendered":"<p><strong>Conseils d'utilisation:\u00a0<\/strong><\/p>\n<p>Appliquez Hydrabio Eau Lact\u00e9e sur un coton et nettoyez soigneusement le visage et les yeux. Renouvelez l'application jusqu'\u00e0 l'obtention d'un coton propre.\u00a0<br \/>Hydrabio Eau Lact\u00e9e peut ne pas se rincer.\u00a0<\/p>","protected":false},"excerpt":{"rendered":"<p>Bioderma Hydrabio lait nettoyant d\u00e9maquillant \u00e0 l&rsquo;Aquagenium. R\u00e9apprend \u00e0 la peau \u00e0 se r\u00e9g\u00e9n\u00e9rer. D\u00e9maquille tout en douceur pour une peau hydrat\u00e9e qui retrouve confort, souplesse et \u00e9clat.\u00a0<\/p>\n<p>Bioderma Hydrabio Eau Lact\u00e9e est conseill\u00e9 pour peaux deshydrat\u00e9es et sensibles.\u00a0<\/p>","protected":false},"featured_media":22951,"template":"","meta":{"arc_restricted_post":false},"product_cat":[330,48],"product_tag":[],"_links":{"self":[{"href":"https:\/\/www.sopha-sahara.com\/en\/wp-json\/wp\/v2\/product\/22811"}],"collection":[{"href":"https:\/\/www.sopha-sahara.com\/en\/wp-json\/wp\/v2\/product"}],"about":[{"href":"https:\/\/www.sopha-sahara.com\/en\/wp-json\/wp\/v2\/types\/product"}],"wp:featuredmedia":[{"embeddable":true,"href":"https:\/\/www.sopha-sahara.com\/en\/wp-json\/wp\/v2\/media\/22951"}],"wp:attachment":[{"href":"https:\/\/www.sopha-sahara.com\/en\/wp-json\/wp\/v2\/media?parent=22811"}],"wp:term":[{"taxonomy":"product_cat","embeddable":true,"href":"https:\/\/www.sopha-sahara.com\/en\/wp-json\/wp\/v2\/product_cat?post=22811"},{"taxonomy":"product_tag","embeddable":true,"href":"https:\/\/www.sopha-sahara.com\/en\/wp-json\/wp\/v2\/product_tag?post=22811"}],"curies":[{"name":"wp","href":"https:\/\/api.w.org\/{rel}","templated":true}]}}