{"id":22810,"date":"2020-12-14T15:40:33","date_gmt":"2020-12-14T14:40:33","guid":{"rendered":"https:\/\/www.interbusinesschamber.com\/produit\/bioderma-hydrabio-masque-75ml\/"},"modified":"2020-12-29T15:42:17","modified_gmt":"2020-12-29T14:42:17","slug":"bioderma-hydrabio-masque-75ml","status":"publish","type":"product","link":"https:\/\/www.sopha-sahara.com\/en\/product\/bioderma-hydrabio-masque-75ml\/","title":{"rendered":"BIODERMA HYDRABIO MASQUE 75ML"},"content":{"rendered":"<p><strong>Conseils d'utilisation:\u00a0<\/strong><\/p>\n<p>Appliquez Hydrabio Masque en couche \u00e9paisse sur le visage et le cou, pr\u00e9alablement nettoy\u00e9s avec Hydrabio Eau Lact\u00e9e. Laissez poser 10 minutes puis enlevez l\u2019exc\u00e9dent avec un coton ou faire p\u00e9n\u00e9trer l'exc\u00e9dent.\u00a0<br \/>Pour un r\u00e9sultat optimal, Hydrabio Masque s\u2019utilise tous les jours la premi\u00e8re semaine et en relais, une \u00e0 deux fois par semaine.\u00a0<br \/>* Hydratation des couches superieures de l'\u00e9piderme\u00a0<\/p>","protected":false},"excerpt":{"rendered":"<p>Bioderma Hydrabio Masque est le premier soin profond g\u00e9n\u00e9rateur d\u2019hydratation profond \u00e0 l\u2019Aquag\u00e9nium\u00ae. Innovation Bioderma ce complexe biologique brevet\u00e9 stimule les capacit\u00e9s cellulaires de la peau et lui r\u00e9apprend \u00e0 g\u00e9n\u00e9rer, en profondeur, et \u00e0 retenir, en surface, l\u2019eau indispensable \u00e0 son \u00e9quilibre naturel.\u00a0<br \/>Hydrat\u00e9e* durablement, la peau retrouve confort, douceur, souplesse et \u00e9clat.\u00a0<br \/>La formule d\u2019Hydrabio Masque est hypoallerg\u00e9nique et non com\u00e9dog\u00e8ne.\u00a0<br \/>Peaux d\u00e9shydrat\u00e9es et sensibles.\u00a0<\/p>","protected":false},"featured_media":22953,"template":"","meta":{"arc_restricted_post":false},"product_cat":[330,48],"product_tag":[],"_links":{"self":[{"href":"https:\/\/www.sopha-sahara.com\/en\/wp-json\/wp\/v2\/product\/22810"}],"collection":[{"href":"https:\/\/www.sopha-sahara.com\/en\/wp-json\/wp\/v2\/product"}],"about":[{"href":"https:\/\/www.sopha-sahara.com\/en\/wp-json\/wp\/v2\/types\/product"}],"wp:featuredmedia":[{"embeddable":true,"href":"https:\/\/www.sopha-sahara.com\/en\/wp-json\/wp\/v2\/media\/22953"}],"wp:attachment":[{"href":"https:\/\/www.sopha-sahara.com\/en\/wp-json\/wp\/v2\/media?parent=22810"}],"wp:term":[{"taxonomy":"product_cat","embeddable":true,"href":"https:\/\/www.sopha-sahara.com\/en\/wp-json\/wp\/v2\/product_cat?post=22810"},{"taxonomy":"product_tag","embeddable":true,"href":"https:\/\/www.sopha-sahara.com\/en\/wp-json\/wp\/v2\/product_tag?post=22810"}],"curies":[{"name":"wp","href":"https:\/\/api.w.org\/{rel}","templated":true}]}}