{"id":22809,"date":"2020-12-14T15:40:33","date_gmt":"2020-12-14T14:40:33","guid":{"rendered":"https:\/\/www.interbusinesschamber.com\/produit\/bioderma-sebium-pore-refiner-concentre-correcteur-pores-dilates-30-ml\/"},"modified":"2020-12-29T16:36:58","modified_gmt":"2020-12-29T15:36:58","slug":"bioderma-sebium-pore-refiner-concentre-correcteur-pores-dilates-30-ml","status":"publish","type":"product","link":"https:\/\/www.sopha-sahara.com\/en\/product\/bioderma-sebium-pore-refiner-concentre-correcteur-pores-dilates-30-ml\/","title":{"rendered":"BIODERMA SEBIUM PORE REFINER CONCENTR\u00c9 CORRECTEUR PORES DILAT\u00c9S (30 ML)"},"content":{"rendered":"<p><strong>UTILISATION:<\/strong>\u00a0<\/p>\n<p>\u2022 Appliquez S\u00e9bium Pore Refiner une \u00e0 deux fois par jour, seul ou avant votre cr\u00e8me de soin, soit sur la zone T (menton-nez-front) pour les peaux mixtes, soit sur l\u2019ensemble du visage pour les peaux \u00e0 tendance grasse.\u00a0<br \/>\u2022 S\u00e9bium Pore Refiner constitue une excellente base pour un maquillage uniforme.\u00a0<\/p>","protected":false},"excerpt":{"rendered":"<p>Bioderma Sebium Pore Refiner Concentr\u00e9 correcteur pores dilat\u00e9s\u00a0<\/p>\n<p>Peaux mixtes, grasses ou \u00e0 imperfections\u00a0<\/p>\n<p>Propri\u00e9t\u00e9s :\u00a0<\/p>\n<p>\u2022 Exc\u00e8s de s\u00e9bum, stress, tabac, pollution\u2026 autant de facteurs responsables de la dilatation et de la d\u00e9formation des pores. Experte en biologie cutan\u00e9e, la recherche BIODERMA innove et cr\u00e9e S\u00e9bium Pore Refiner.\u00a0<br \/>Ce concentr\u00e9 correcteur am\u00e9liore l\u2019aspect de la peau : son grain est plus fin, plus r\u00e9gulier, plus net, les pores sont resserr\u00e9s, moins visibles.\u00a0<br \/>\u2022 Le complexe exclusif brevet\u00e9 Fluidactiv\u00ae maintient la qualit\u00e9 du s\u00e9bum et pr\u00e9vient ainsi l\u2019obstruction des pores.\u00a0<br \/>\u2022 Les agents anti-oxydants pr\u00e9servent l\u2019\u00e9clat naturel de la peau.\u00a0<br \/>\u2022 La formule fluide et l\u00e9g\u00e8re de S\u00e9bium Pore Refiner fond instantan\u00e9ment et laisse un agr\u00e9able fini velout\u00e9.\u00a0<br \/>* Brevet BIODERMA\u00a0<\/p>","protected":false},"featured_media":22994,"template":"","meta":{"arc_restricted_post":false},"product_cat":[330,48],"product_tag":[],"_links":{"self":[{"href":"https:\/\/www.sopha-sahara.com\/en\/wp-json\/wp\/v2\/product\/22809"}],"collection":[{"href":"https:\/\/www.sopha-sahara.com\/en\/wp-json\/wp\/v2\/product"}],"about":[{"href":"https:\/\/www.sopha-sahara.com\/en\/wp-json\/wp\/v2\/types\/product"}],"wp:featuredmedia":[{"embeddable":true,"href":"https:\/\/www.sopha-sahara.com\/en\/wp-json\/wp\/v2\/media\/22994"}],"wp:attachment":[{"href":"https:\/\/www.sopha-sahara.com\/en\/wp-json\/wp\/v2\/media?parent=22809"}],"wp:term":[{"taxonomy":"product_cat","embeddable":true,"href":"https:\/\/www.sopha-sahara.com\/en\/wp-json\/wp\/v2\/product_cat?post=22809"},{"taxonomy":"product_tag","embeddable":true,"href":"https:\/\/www.sopha-sahara.com\/en\/wp-json\/wp\/v2\/product_tag?post=22809"}],"curies":[{"name":"wp","href":"https:\/\/api.w.org\/{rel}","templated":true}]}}