{"id":22808,"date":"2020-12-14T15:40:33","date_gmt":"2020-12-14T14:40:33","guid":{"rendered":"https:\/\/www.interbusinesschamber.com\/produit\/bioderma-atoderm-creme-lavante-200ml\/"},"modified":"2020-12-29T15:08:25","modified_gmt":"2020-12-29T14:08:25","slug":"bioderma-atoderm-creme-lavante-200ml","status":"publish","type":"product","link":"https:\/\/www.sopha-sahara.com\/en\/product\/bioderma-atoderm-creme-lavante-200ml\/","title":{"rendered":"BIODERMA ATODERM CREME LAVANTE 200ML"},"content":{"rendered":"","protected":false},"excerpt":{"rendered":"<p><strong>La Cr\u00e8me Lavante Atoderm\u00a0<\/strong>des laboratoires\u00a0<strong>Bioderma<\/strong>\u00a0est un soin d&rsquo;hygi\u00e8ne corporelle qui nettoie en douceur es peaux les plus s\u00e8ches ou sensibles.\u00a0<strong>La Cr\u00e8me Lavante Atoderm\u00a0<\/strong>des laboratoires\u00a0<strong>Bioderma\u00a0<\/strong>aide votre peau \u00e0 restaurer le film hydrolipidique. Elle limite \u00e9galement la prolif\u00e9ration des micros organismes, agents aggravant de la secheresse cutan\u00e9e.\u00a0<strong>La Cr\u00e8me Lavante Atoderm\u00a0<\/strong>des laboratoires\u00a0<strong>Bioderma\u00a0<\/strong>ne pique pas les yeux, et laisse un d\u00e9licat parfum sur votre peau apr\u00e8s la douche.\u00a0<\/p>","protected":false},"featured_media":22930,"template":"","meta":{"arc_restricted_post":false},"product_cat":[330,48],"product_tag":[],"_links":{"self":[{"href":"https:\/\/www.sopha-sahara.com\/en\/wp-json\/wp\/v2\/product\/22808"}],"collection":[{"href":"https:\/\/www.sopha-sahara.com\/en\/wp-json\/wp\/v2\/product"}],"about":[{"href":"https:\/\/www.sopha-sahara.com\/en\/wp-json\/wp\/v2\/types\/product"}],"wp:featuredmedia":[{"embeddable":true,"href":"https:\/\/www.sopha-sahara.com\/en\/wp-json\/wp\/v2\/media\/22930"}],"wp:attachment":[{"href":"https:\/\/www.sopha-sahara.com\/en\/wp-json\/wp\/v2\/media?parent=22808"}],"wp:term":[{"taxonomy":"product_cat","embeddable":true,"href":"https:\/\/www.sopha-sahara.com\/en\/wp-json\/wp\/v2\/product_cat?post=22808"},{"taxonomy":"product_tag","embeddable":true,"href":"https:\/\/www.sopha-sahara.com\/en\/wp-json\/wp\/v2\/product_tag?post=22808"}],"curies":[{"name":"wp","href":"https:\/\/api.w.org\/{rel}","templated":true}]}}