{"id":22797,"date":"2020-12-14T13:01:07","date_gmt":"2020-12-14T12:01:07","guid":{"rendered":"https:\/\/www.interbusinesschamber.com\/produit\/avene-cleanance-gel-nettoyant-200ml\/"},"modified":"2020-12-29T12:52:40","modified_gmt":"2020-12-29T11:52:40","slug":"avene-cleanance-gel-nettoyant-200ml","status":"publish","type":"product","link":"https:\/\/www.sopha-sahara.com\/en\/product\/avene-cleanance-gel-nettoyant-200ml\/","title":{"rendered":"AVENE CLEANANCE GEL NETTOYANT 200ML"},"content":{"rendered":"<p><strong>Est-il fait pour moi ?<\/strong><\/p>\n<p>Cleanance Gel nettoyant sans savon est particuli\u00e8rement indiqu\u00e9 pour les peaux \u00e0 tendance grasse.<\/p>\n<p><strong>Le Bon Geste<\/strong><\/p>\n<p>o\u00a0\u00a0 \u00a0Humidifiez votre peau et appliquez Cleanance Gel nettoyant sans savon, matin et soir.<br \/>o\u00a0\u00a0 \u00a0Visage et corps.<\/p>","protected":false},"excerpt":{"rendered":"<p class=\"Text3 av-text-content\"><strong>Nettoie et purifie votre peau tout en respectant son pH.<br \/>Sans paraben.<br \/><\/strong><\/p>\n<p><strong>Ses Bienfaits<\/strong><\/p>\n<p>o\u00a0\u00a0\u00a0\u00a0Purifiant :\u00a0Il nettoie d\u00e9licatement votre peau gr\u00e2ce \u00e0 sa base lavante douce, sans savon et la laisse nette et fra\u00eeche.<\/p>\n<p>o\u00a0\u00a0\u00a0\u00a0R\u00e9gulateur :\u00a0Son actif v\u00e9g\u00e9tal (Cucurbita pepo) r\u00e9gule l\u2019exc\u00e8s de s\u00e9bum. Votre peau est matifi\u00e9e.\u00a0<\/p>\n<p>o\u00a0\u00a0\u00a0\u00a0Apaisant :\u00a0L\u2019Eau thermale d\u2019Av\u00e8ne, apaisante et anti-irritante, procure imm\u00e9diatement une sensation de calme.<\/p>\n<p>o\u00a0\u00a0\u00a0\u00a0Pratique :\u00a0Son bouchon distributeur permet de doser la bonne quantit\u00e9 de produit \u00e0 appliquer.<\/p>","protected":false},"featured_media":22665,"template":"","meta":{"arc_restricted_post":false},"product_cat":[329,48],"product_tag":[],"_links":{"self":[{"href":"https:\/\/www.sopha-sahara.com\/en\/wp-json\/wp\/v2\/product\/22797"}],"collection":[{"href":"https:\/\/www.sopha-sahara.com\/en\/wp-json\/wp\/v2\/product"}],"about":[{"href":"https:\/\/www.sopha-sahara.com\/en\/wp-json\/wp\/v2\/types\/product"}],"wp:featuredmedia":[{"embeddable":true,"href":"https:\/\/www.sopha-sahara.com\/en\/wp-json\/wp\/v2\/media\/22665"}],"wp:attachment":[{"href":"https:\/\/www.sopha-sahara.com\/en\/wp-json\/wp\/v2\/media?parent=22797"}],"wp:term":[{"taxonomy":"product_cat","embeddable":true,"href":"https:\/\/www.sopha-sahara.com\/en\/wp-json\/wp\/v2\/product_cat?post=22797"},{"taxonomy":"product_tag","embeddable":true,"href":"https:\/\/www.sopha-sahara.com\/en\/wp-json\/wp\/v2\/product_tag?post=22797"}],"curies":[{"name":"wp","href":"https:\/\/api.w.org\/{rel}","templated":true}]}}