{"id":22796,"date":"2020-12-14T13:01:07","date_gmt":"2020-12-14T12:01:07","guid":{"rendered":"https:\/\/www.interbusinesschamber.com\/produit\/avene-hydrance-optimale-legere-40ml\/"},"modified":"2020-12-29T13:46:56","modified_gmt":"2020-12-29T12:46:56","slug":"avene-hydrance-optimale-legere-40ml","status":"publish","type":"product","link":"https:\/\/www.sopha-sahara.com\/en\/product\/avene-hydrance-optimale-legere-40ml\/","title":{"rendered":"AVENE HYDRANCE OPTIMALE LEGERE 40ML"},"content":{"rendered":"<p><strong>Ses Bienfaits<\/strong><\/p>\n<p>o\u00a0\u00a0Hydratante* :\u00a0Ses agents hydratants optimisent de surcro\u00eet la p\u00e9n\u00e9tration et la diffusion de l\u2019Eau thermale d\u2019Av\u00e8ne dans la peau et contr\u00f4le la perte insensible en eau.<\/p>\n<p>o\u00a0\u00a0Purifiante :\u00a0Ses capsules s\u00e9boabsorbantes retiennent le s\u00e9bum et matifient votre teint.<\/p>\n<p>o\u00a0\u00a0Apaisante :\u00a0Riche en Eau thermale d\u2019Av\u00e8ne, apaisante et anti-irritante, elle enveloppe votre peau d\u2019un voile de douceur.<\/p>\n<p><em>* Couches sup\u00e9rieures de la peau<\/em><\/p>\n<p><strong>Est-elle faite pour moi ?<\/strong><\/p>\n<p>Hydrance OPTIMALE l\u00e9g\u00e8re est particuli\u00e8rement indiqu\u00e9e pour les peaux sensibles, normales \u00e0 mixtes.<\/p>\n<p><strong>Le Bon Geste<\/strong><\/p>\n<p>o\u00a0\u00a0\u00a0 Appliquez le matin ou le soir sur une peau parfaitement propre et s\u00e8che.<br \/>o\u00a0\u00a0\u00a0 Le matin, vous pouvez choisir d\u2019appliquer Hydrance Optimale UV l\u00e9g\u00e8re qui vous prot\u00e8gera du soleil.<\/p>","protected":false},"excerpt":{"rendered":"<p>Hydrate votre peau durablement.<\/p>\n<p>Sa texture fine et fra\u00eeche laisse la peau infiniment confortable et dou<strong>ce.<\/strong><\/p>","protected":false},"featured_media":22689,"template":"","meta":{"arc_restricted_post":false},"product_cat":[329,48],"product_tag":[],"_links":{"self":[{"href":"https:\/\/www.sopha-sahara.com\/en\/wp-json\/wp\/v2\/product\/22796"}],"collection":[{"href":"https:\/\/www.sopha-sahara.com\/en\/wp-json\/wp\/v2\/product"}],"about":[{"href":"https:\/\/www.sopha-sahara.com\/en\/wp-json\/wp\/v2\/types\/product"}],"wp:featuredmedia":[{"embeddable":true,"href":"https:\/\/www.sopha-sahara.com\/en\/wp-json\/wp\/v2\/media\/22689"}],"wp:attachment":[{"href":"https:\/\/www.sopha-sahara.com\/en\/wp-json\/wp\/v2\/media?parent=22796"}],"wp:term":[{"taxonomy":"product_cat","embeddable":true,"href":"https:\/\/www.sopha-sahara.com\/en\/wp-json\/wp\/v2\/product_cat?post=22796"},{"taxonomy":"product_tag","embeddable":true,"href":"https:\/\/www.sopha-sahara.com\/en\/wp-json\/wp\/v2\/product_tag?post=22796"}],"curies":[{"name":"wp","href":"https:\/\/api.w.org\/{rel}","templated":true}]}}