{"id":22795,"date":"2020-12-14T13:01:07","date_gmt":"2020-12-14T12:01:07","guid":{"rendered":"https:\/\/www.interbusinesschamber.com\/produit\/avene-couvrance-creme-de-teint-compacte-mat-sable-10g\/"},"modified":"2020-12-29T13:35:48","modified_gmt":"2020-12-29T12:35:48","slug":"avene-couvrance-creme-de-teint-compacte-mat-sable-10g","status":"publish","type":"product","link":"https:\/\/www.sopha-sahara.com\/en\/product\/avene-couvrance-creme-de-teint-compacte-mat-sable-10g\/","title":{"rendered":"AV\u00c8NE COUVRANCE CR\u00c8ME DE TEINT COMPACTE MAT SABLE 10G"},"content":{"rendered":"<h4 class=\"tabs-title\">Conseils d'utilisation<\/h4>\n<div class=\"std new-std\">\n<p>Appliquer \u00e0 l'aide de l'\u00e9ponge \u00a0par l\u00e9g\u00e8res touches sur l'ensemble du visage, en insistant sur les imperfections persistantes, puis lisser.<br \/>Nettoyer r\u00e9guli\u00e8rement l'\u00e9ponge et la faire s\u00e9cher.\u00a0<\/p>\n<\/div>","protected":false},"excerpt":{"rendered":"<p>Maquillage correcteur haute tol\u00e9rance permettant de dissimuler efficacement les imperfections cutan\u00e9es s\u00e9v\u00e8res.<br \/>Sa texture oil-free au fini mat est adapt\u00e9e aux peaux sensibles normales \u00e0 mixtes.<br \/>Il corrige aussi les imperfections corporelles, r\u00e9siste \u00e0 l&rsquo;eau et sa tenue est longue dur\u00e9e.\u00a0<\/p>","protected":false},"featured_media":22677,"template":"","meta":{"arc_restricted_post":false},"product_cat":[329,48],"product_tag":[],"_links":{"self":[{"href":"https:\/\/www.sopha-sahara.com\/en\/wp-json\/wp\/v2\/product\/22795"}],"collection":[{"href":"https:\/\/www.sopha-sahara.com\/en\/wp-json\/wp\/v2\/product"}],"about":[{"href":"https:\/\/www.sopha-sahara.com\/en\/wp-json\/wp\/v2\/types\/product"}],"wp:featuredmedia":[{"embeddable":true,"href":"https:\/\/www.sopha-sahara.com\/en\/wp-json\/wp\/v2\/media\/22677"}],"wp:attachment":[{"href":"https:\/\/www.sopha-sahara.com\/en\/wp-json\/wp\/v2\/media?parent=22795"}],"wp:term":[{"taxonomy":"product_cat","embeddable":true,"href":"https:\/\/www.sopha-sahara.com\/en\/wp-json\/wp\/v2\/product_cat?post=22795"},{"taxonomy":"product_tag","embeddable":true,"href":"https:\/\/www.sopha-sahara.com\/en\/wp-json\/wp\/v2\/product_tag?post=22795"}],"curies":[{"name":"wp","href":"https:\/\/api.w.org\/{rel}","templated":true}]}}