{"id":22791,"date":"2020-12-14T13:01:06","date_gmt":"2020-12-14T12:01:06","guid":{"rendered":"https:\/\/www.interbusinesschamber.com\/produit\/avene-couvrance-fonds-de-teint-correcteur-fluide-n1-porcelaine-30-ml\/"},"modified":"2020-12-29T13:36:29","modified_gmt":"2020-12-29T12:36:29","slug":"avene-couvrance-fonds-de-teint-correcteur-fluide-n1-porcelaine-30-ml","status":"publish","type":"product","link":"https:\/\/www.sopha-sahara.com\/en\/product\/avene-couvrance-fonds-de-teint-correcteur-fluide-n1-porcelaine-30-ml\/","title":{"rendered":"AV\u00c8NE COUVRANCE FONDS DE TEINT CORRECTEUR FLUIDE N\u00b01 PORCELAINE (30 ML)"},"content":{"rendered":"<p><strong>Est-il fait pour moi ?<\/strong><\/p>\n<p>Assure un teint parfait et uniforme pour toutes les peaux sensibles, claires ou mates.<br \/>Maquille et camoufle de fa\u00e7on tr\u00e8s naturelle les imperfections mod\u00e9r\u00e9es gr\u00e2ce \u00e0 son pouvoir couvrant.<\/p>\n<p><strong>Le bon geste<\/strong><\/p>\n<p>o\u00a0\u00a0\u00a0 Appliquer avec les doigts.<br \/>o\u00a0\u00a0\u00a0 Unifier sur l\u2019ensemble du visage sans oublier le cou.<\/p>","protected":false},"excerpt":{"rendered":"<p class=\"Text3 av-text-content\"><strong>Corrige les imperfections cutan\u00e9es mod\u00e9r\u00e9es et unifie le teint. Sans conservateur.<\/strong><\/p>\n<div class=\"av-text-content\"><strong>Ses atouts<\/strong><\/p>\n<p>o\u00a0\u00a0\u00a0 Haute tenue : r\u00e9siste \u00e0 l\u2019eau et \u00e0 la sueur.<br \/>o\u00a0\u00a0\u00a0 Protection anti-UV (SPF 15) pour se pr\u00e9server des rayons du soleil.<br \/>o\u00a0\u00a0\u00a0 Protection contre le vieillissement photo-induit gr\u00e2ce au pr\u00e9-tocoph\u00e9ryl.<br \/>o\u00a0\u00a0\u00a0 Fini naturel, teint parfait mat et homog\u00e8ne.<\/div>","protected":false},"featured_media":22678,"template":"","meta":{"arc_restricted_post":false},"product_cat":[329,48],"product_tag":[],"_links":{"self":[{"href":"https:\/\/www.sopha-sahara.com\/en\/wp-json\/wp\/v2\/product\/22791"}],"collection":[{"href":"https:\/\/www.sopha-sahara.com\/en\/wp-json\/wp\/v2\/product"}],"about":[{"href":"https:\/\/www.sopha-sahara.com\/en\/wp-json\/wp\/v2\/types\/product"}],"wp:featuredmedia":[{"embeddable":true,"href":"https:\/\/www.sopha-sahara.com\/en\/wp-json\/wp\/v2\/media\/22678"}],"wp:attachment":[{"href":"https:\/\/www.sopha-sahara.com\/en\/wp-json\/wp\/v2\/media?parent=22791"}],"wp:term":[{"taxonomy":"product_cat","embeddable":true,"href":"https:\/\/www.sopha-sahara.com\/en\/wp-json\/wp\/v2\/product_cat?post=22791"},{"taxonomy":"product_tag","embeddable":true,"href":"https:\/\/www.sopha-sahara.com\/en\/wp-json\/wp\/v2\/product_tag?post=22791"}],"curies":[{"name":"wp","href":"https:\/\/api.w.org\/{rel}","templated":true}]}}