{"id":22790,"date":"2020-12-14T13:01:06","date_gmt":"2020-12-14T12:01:06","guid":{"rendered":"https:\/\/www.interbusinesschamber.com\/produit\/avene-cicalfate-creme-reparatrice-100ml\/"},"modified":"2020-12-29T12:40:25","modified_gmt":"2020-12-29T11:40:25","slug":"avene-cicalfate-creme-reparatrice-100ml","status":"publish","type":"product","link":"https:\/\/www.sopha-sahara.com\/en\/product\/avene-cicalfate-creme-reparatrice-100ml\/","title":{"rendered":"AVENE CICALFATE CREME REPARATRICE 100ML"},"content":{"rendered":"<p><strong>Est-elle faite pour moi ?<\/strong><\/p>\n<p>Cicalfate Cr\u00e8me r\u00e9paratrice est particuli\u00e8rement indiqu\u00e9e pour les adultes, enfants et nourrissons dont la peau pr\u00e9sente des l\u00e9sions non suintantes.<\/p>\n<p><em>Pour certaines indications, veuillez consulter votre m\u00e9decin au pr\u00e9alable.<\/em><\/p>\n<p><strong>Le Bon Geste<\/strong><\/p>\n<p>o\u00a0\u00a0\u00a0 Nettoyez tout d\u2019abord la zone irrit\u00e9e que vous souhaitez apaiser.<br \/>o\u00a0\u00a0\u00a0 Appliquez la cr\u00e8me une \u00e0 deux fois par jours en massant l\u00e9g\u00e8rement.<\/p>","protected":false},"excerpt":{"rendered":"<p><strong>R\u00e9pare et r\u00e9g\u00e9n\u00e8re votre peau plus rapidement.<\/strong><\/p>\n<p><strong>Sans parfum, sans conservateur list\u00e9, sans alcool.<\/strong><\/p>\n<p><strong>Ses Bienfaits<\/strong><\/p>\n<p>o\u00a0\u00a0\u00a0\u00a0Cicatrisante :\u00a0Elle r\u00e9pare votre peau l\u00e9s\u00e9e et lui redonne rapidement confort et souplesse.<\/p>\n<p>o\u00a0\u00a0\u00a0\u00a0Apaisante :\u00a0Tr\u00e8s riche en actifs apaisants et anti-irritants, elle r\u00e9g\u00e9n\u00e8re votre peau plus rapidement.<\/p>\n<p>o\u00a0\u00a0\u00a0\u00a0R\u00e9g\u00e9n\u00e9rante :\u00a0Elle assouplit votre peau qui retrouve son confort et sa douceur naturelle.<\/p>","protected":false},"featured_media":22659,"template":"","meta":{"arc_restricted_post":false},"product_cat":[329,48],"product_tag":[],"_links":{"self":[{"href":"https:\/\/www.sopha-sahara.com\/en\/wp-json\/wp\/v2\/product\/22790"}],"collection":[{"href":"https:\/\/www.sopha-sahara.com\/en\/wp-json\/wp\/v2\/product"}],"about":[{"href":"https:\/\/www.sopha-sahara.com\/en\/wp-json\/wp\/v2\/types\/product"}],"wp:featuredmedia":[{"embeddable":true,"href":"https:\/\/www.sopha-sahara.com\/en\/wp-json\/wp\/v2\/media\/22659"}],"wp:attachment":[{"href":"https:\/\/www.sopha-sahara.com\/en\/wp-json\/wp\/v2\/media?parent=22790"}],"wp:term":[{"taxonomy":"product_cat","embeddable":true,"href":"https:\/\/www.sopha-sahara.com\/en\/wp-json\/wp\/v2\/product_cat?post=22790"},{"taxonomy":"product_tag","embeddable":true,"href":"https:\/\/www.sopha-sahara.com\/en\/wp-json\/wp\/v2\/product_tag?post=22790"}],"curies":[{"name":"wp","href":"https:\/\/api.w.org\/{rel}","templated":true}]}}