{"id":22788,"date":"2020-12-14T13:01:03","date_gmt":"2020-12-14T12:01:03","guid":{"rendered":"https:\/\/www.interbusinesschamber.com\/produit\/avene-couvrance-sticks-correcteurs-42g-jaune\/"},"modified":"2020-12-29T13:42:10","modified_gmt":"2020-12-29T12:42:10","slug":"avene-couvrance-sticks-correcteurs-42g-jaune","status":"publish","type":"product","link":"https:\/\/www.sopha-sahara.com\/en\/product\/avene-couvrance-sticks-correcteurs-42g-jaune\/","title":{"rendered":"AVENE COUVRANCE STICKS CORRECTEURS 4,2G JAUNE"},"content":{"rendered":"<p><strong>Ses atouts<br \/><\/strong><br \/>o\u00a0\u00a0\u00a0 Haute tenue : r\u00e9siste \u00e0 l\u2019eau, au transfert et \u00e0 la sueur.\u00a0<br \/>o\u00a0\u00a0\u00a0 Protection anti-UV (SPF 20) pour se pr\u00e9server des rayons du soleil.<br \/>o\u00a0\u00a0\u00a0 Application facilit\u00e9e par sa pr\u00e9sentation pratique et judicieuse.<\/p>\n<p><strong>Est-il fait pour moi ?<\/strong><\/p>\n<p>S\u2019utilise sans r\u00e9serve sur les imperfections cutan\u00e9es de la peau sensible.<br \/>Neutralise efficacement, gr\u00e2ce \u00e0 son pouvoir couvrant intense, les exc\u00e8s de coloration :<br \/>o\u00a0\u00a0\u00a0 La teinte verte convient aux exc\u00e8s de coloration rouge.<br \/>o\u00a0\u00a0\u00a0 La teinte jaune est adapt\u00e9e aux exc\u00e8s de coloration bleue.<\/p>\n<p><strong>Le bon geste<\/strong><\/p>\n<p>o\u00a0\u00a0\u00a0 Appliquer une base (cr\u00e8me de jour) et laisser p\u00e9n\u00e9trer.<br \/>o\u00a0\u00a0\u00a0 Pr\u00e9lever la couleur avec le bout du doigt.<br \/>o\u00a0\u00a0\u00a0 Disposer sur l\u2019imperfection par petites touches.<br \/>o\u00a0\u00a0\u00a0 Estomper d\u00e9licatement avec le doigt.<br \/>o\u00a0\u00a0\u00a0 Appliquer ensuite la Cr\u00e8me de teint compacte en tapotant l\u00e9g\u00e8rement pour ne pas effacer la correction.<\/p>","protected":false},"excerpt":{"rendered":"<p>Neutralise et masque harmonieusement les imperfections cutan\u00e9es s\u00e9v\u00e8res.<br \/>Sans parfum, sans conservateur, sans paraben.<\/p>","protected":false},"featured_media":22684,"template":"","meta":{"arc_restricted_post":false},"product_cat":[329,48],"product_tag":[],"_links":{"self":[{"href":"https:\/\/www.sopha-sahara.com\/en\/wp-json\/wp\/v2\/product\/22788"}],"collection":[{"href":"https:\/\/www.sopha-sahara.com\/en\/wp-json\/wp\/v2\/product"}],"about":[{"href":"https:\/\/www.sopha-sahara.com\/en\/wp-json\/wp\/v2\/types\/product"}],"wp:featuredmedia":[{"embeddable":true,"href":"https:\/\/www.sopha-sahara.com\/en\/wp-json\/wp\/v2\/media\/22684"}],"wp:attachment":[{"href":"https:\/\/www.sopha-sahara.com\/en\/wp-json\/wp\/v2\/media?parent=22788"}],"wp:term":[{"taxonomy":"product_cat","embeddable":true,"href":"https:\/\/www.sopha-sahara.com\/en\/wp-json\/wp\/v2\/product_cat?post=22788"},{"taxonomy":"product_tag","embeddable":true,"href":"https:\/\/www.sopha-sahara.com\/en\/wp-json\/wp\/v2\/product_tag?post=22788"}],"curies":[{"name":"wp","href":"https:\/\/api.w.org\/{rel}","templated":true}]}}