{"id":22786,"date":"2020-12-14T13:01:02","date_gmt":"2020-12-14T12:01:02","guid":{"rendered":"https:\/\/www.interbusinesschamber.com\/produit\/avene-couvrance-poudres-mosaiques-9g-soleil\/"},"modified":"2020-12-29T13:40:24","modified_gmt":"2020-12-29T12:40:24","slug":"avene-couvrance-poudres-mosaiques-9g-soleil","status":"publish","type":"product","link":"https:\/\/www.sopha-sahara.com\/en\/product\/avene-couvrance-poudres-mosaiques-9g-soleil\/","title":{"rendered":"AVENE COUVRANCE POUDRES MOSAIQUES 9G SOLEIL"},"content":{"rendered":"<p><strong>Ses atouts<\/strong><\/p>\n<p>o\u00a0\u00a0\u00a0 D\u00e9pose un voile soyeux sur la peau.<br \/>o\u00a0\u00a0\u00a0 Accroche la lumi\u00e8re de fa\u00e7on harmonieuse.<br \/>o\u00a0\u00a0\u00a0 Haute tenue : r\u00e9siste \u00e0 l\u2019eau, \u00e0 la sueur et au transfert.<br \/>Appoint de choix du maquillage correcteur.<\/p>\n<p><strong>Est-elle faite pour moi ?<\/strong><\/p>\n<p>Chaque palette de couleurs de la Poudre mosa\u00efque permet de matifier, fixer ou sculpter le maquillage de la peau sensible.<br \/>o\u00a0\u00a0\u00a0 La palette Translucide aux nuances transparentes matifie le teint ou fixe le maquillage des peaux claires.<br \/>o\u00a0\u00a0\u00a0 La palette Eclat fixe le maquillage des peaux claires, sculpte le teint des peaux mates et donne un effet bonne mine aux peaux matures.<br \/>o\u00a0\u00a0\u00a0 La palette Soleil, aux nuances dor\u00e9es, donne un h\u00e2le tr\u00e8s naturel et sculpte le maquillage.<\/p>\n<p><strong>Le bon geste<\/strong><\/p>\n<p>o\u00a0\u00a0\u00a0 Appliquez votre votre fond de teint (compact ou fluide).<br \/>o\u00a0\u00a0\u00a0 Pr\u00e9levez la poudre avec un gros pinceau.<br \/>o\u00a0\u00a0\u00a0 Tapotez sur le dos de la main pour \u00f4ter l\u2019exc\u00e9dent de poudre.<br \/>o\u00a0\u00a0\u00a0 Appliquez la poudre mosa\u00efque sur tout le visage et le cou.<br \/>o\u00a0\u00a0\u00a0 Enlevez l\u2019exc\u00e9dent avec de grands gestes du pinceau.<\/p>","protected":false},"excerpt":{"rendered":"<p>Son rendu tr\u00e8s naturel permet de matifier, fixer ou sculpter le maquillage.<br \/>Sans parfum, sans conservateur, sans paraben.<\/p>","protected":false},"featured_media":22681,"template":"","meta":{"arc_restricted_post":false},"product_cat":[329,48],"product_tag":[],"_links":{"self":[{"href":"https:\/\/www.sopha-sahara.com\/en\/wp-json\/wp\/v2\/product\/22786"}],"collection":[{"href":"https:\/\/www.sopha-sahara.com\/en\/wp-json\/wp\/v2\/product"}],"about":[{"href":"https:\/\/www.sopha-sahara.com\/en\/wp-json\/wp\/v2\/types\/product"}],"wp:featuredmedia":[{"embeddable":true,"href":"https:\/\/www.sopha-sahara.com\/en\/wp-json\/wp\/v2\/media\/22681"}],"wp:attachment":[{"href":"https:\/\/www.sopha-sahara.com\/en\/wp-json\/wp\/v2\/media?parent=22786"}],"wp:term":[{"taxonomy":"product_cat","embeddable":true,"href":"https:\/\/www.sopha-sahara.com\/en\/wp-json\/wp\/v2\/product_cat?post=22786"},{"taxonomy":"product_tag","embeddable":true,"href":"https:\/\/www.sopha-sahara.com\/en\/wp-json\/wp\/v2\/product_tag?post=22786"}],"curies":[{"name":"wp","href":"https:\/\/api.w.org\/{rel}","templated":true}]}}