{"id":22783,"date":"2020-12-14T13:01:02","date_gmt":"2020-12-14T12:01:02","guid":{"rendered":"https:\/\/www.interbusinesschamber.com\/produit\/avene-lotion-micellaire-200ml-soins-essentiels-visage\/"},"modified":"2020-12-29T13:50:21","modified_gmt":"2020-12-29T12:50:21","slug":"avene-lotion-micellaire-200ml-soins-essentiels-visage","status":"publish","type":"product","link":"https:\/\/www.sopha-sahara.com\/en\/product\/avene-lotion-micellaire-200ml-soins-essentiels-visage\/","title":{"rendered":"AVENE LOTION MICELLAIRE 200ML SOINS ESSENTIELS VISAGE"},"content":{"rendered":"","protected":false},"excerpt":{"rendered":"<p>D\u00e9maquille et \u00e9limine les impuret\u00e9s de votre peau. Douce et apais\u00e9e, elle est visiblement purifi\u00e9e. Ses Bienfaitso\u00a0\u00a0\u00a0 D\u00e9maquillante : Ses tensio-actifs nettoyants organis\u00e9s en micelles<\/p>","protected":false},"featured_media":22693,"template":"","meta":{"arc_restricted_post":false},"product_cat":[329,48],"product_tag":[],"_links":{"self":[{"href":"https:\/\/www.sopha-sahara.com\/en\/wp-json\/wp\/v2\/product\/22783"}],"collection":[{"href":"https:\/\/www.sopha-sahara.com\/en\/wp-json\/wp\/v2\/product"}],"about":[{"href":"https:\/\/www.sopha-sahara.com\/en\/wp-json\/wp\/v2\/types\/product"}],"wp:featuredmedia":[{"embeddable":true,"href":"https:\/\/www.sopha-sahara.com\/en\/wp-json\/wp\/v2\/media\/22693"}],"wp:attachment":[{"href":"https:\/\/www.sopha-sahara.com\/en\/wp-json\/wp\/v2\/media?parent=22783"}],"wp:term":[{"taxonomy":"product_cat","embeddable":true,"href":"https:\/\/www.sopha-sahara.com\/en\/wp-json\/wp\/v2\/product_cat?post=22783"},{"taxonomy":"product_tag","embeddable":true,"href":"https:\/\/www.sopha-sahara.com\/en\/wp-json\/wp\/v2\/product_tag?post=22783"}],"curies":[{"name":"wp","href":"https:\/\/api.w.org\/{rel}","templated":true}]}}