{"id":22781,"date":"2020-12-14T13:01:02","date_gmt":"2020-12-14T12:01:02","guid":{"rendered":"https:\/\/www.interbusinesschamber.com\/produit\/avene-solaire-b-protect-spf-50-30-ml\/"},"modified":"2020-12-29T13:57:35","modified_gmt":"2020-12-29T12:57:35","slug":"avene-solaire-b-protect-spf-50-30-ml","status":"publish","type":"product","link":"https:\/\/www.sopha-sahara.com\/en\/product\/avene-solaire-b-protect-spf-50-30-ml\/","title":{"rendered":"AV\u00c8NE SOLAIRE B-PROTECT SPF 50+ 30 ML"},"content":{"rendered":"<div class=\"titre_zone_desc bloc_depliable_zone_click\">\n<div><strong>CONSEIL D'UTILISATION<\/strong><\/div>\n<\/div>\n<div class=\"content_zone_desc bloc_depliable_cnt cnt_deplie tabcontent\">\n<div id=\"type_info_prio_6_1\">\n<p>Avant l'exposition au soleil, appliquer le lait solaire g\u00e9n\u00e9reusement sur le corps (par exemple, 2 doigts de produit sur les bras - en r\u00e9duisant cette quantit\u00e9, vous r\u00e9duisez le niveau de protection).<\/p>\n<p>Renouveler fr\u00e9quemment l'application apr\u00e8s s'\u00eatre baign\u00e9, avoir transpir\u00e9 ou s'\u00eatre essuy\u00e9.<\/p>\n<p>L'exposition prolong\u00e9e au soleil n'est pas recommand\u00e9e m\u00eame avec une protection solaire.<\/p>\n<p>Utiliser une protection vestimentaire (chapeau \u00e0 large bord, lunettes, T-shirt).<\/p>\n<p>Eviter le contact avec les yeux et en cas de contact, rincer abondamment.<\/p>\n<\/div>\n<div class=\"description_indication\"><span class=\"bold\">Indication<\/span>\u00a0:\u00a0<span id=\"type_info_prio_6_2_1\">Protection solaire des peaux sensibles<\/span><\/div>\n<\/div>","protected":false},"excerpt":{"rendered":"<p>Av\u00e8ne Solaire B-Protect SPF 50+ 30 ml est un soin quotidien photoprotecteur et embellisseur des peaux sensibles et perfecteur de teint. Une formule 3 en 1 au coeur de B-Protect offre une protection anti-UV, une protection anti-pollution et un effet embellisseur. Gr\u00e2ce \u00e0 sa texture \u00e9volutive, les micro-pigments encapsul\u00e9s se lib\u00e8rent d\u00e8s l&rsquo;application et teintent aussit\u00f4t la formule pour apporter \u00e0 la peau un fini embellisseur. Le teint est frais, lumineux et \u00e9clatant. Il est non gras, non collant et \u00e0 p\u00e9n\u00e9tration rapide.<\/p>\n<p>Elabor\u00e9 en vue de minimiser les risques de r\u00e9actions allergiques. Non com\u00e9dog\u00e8ne.<\/p>","protected":false},"featured_media":22702,"template":"","meta":{"arc_restricted_post":false},"product_cat":[329,48],"product_tag":[],"_links":{"self":[{"href":"https:\/\/www.sopha-sahara.com\/en\/wp-json\/wp\/v2\/product\/22781"}],"collection":[{"href":"https:\/\/www.sopha-sahara.com\/en\/wp-json\/wp\/v2\/product"}],"about":[{"href":"https:\/\/www.sopha-sahara.com\/en\/wp-json\/wp\/v2\/types\/product"}],"wp:featuredmedia":[{"embeddable":true,"href":"https:\/\/www.sopha-sahara.com\/en\/wp-json\/wp\/v2\/media\/22702"}],"wp:attachment":[{"href":"https:\/\/www.sopha-sahara.com\/en\/wp-json\/wp\/v2\/media?parent=22781"}],"wp:term":[{"taxonomy":"product_cat","embeddable":true,"href":"https:\/\/www.sopha-sahara.com\/en\/wp-json\/wp\/v2\/product_cat?post=22781"},{"taxonomy":"product_tag","embeddable":true,"href":"https:\/\/www.sopha-sahara.com\/en\/wp-json\/wp\/v2\/product_tag?post=22781"}],"curies":[{"name":"wp","href":"https:\/\/api.w.org\/{rel}","templated":true}]}}