{"id":22780,"date":"2020-12-14T13:01:02","date_gmt":"2020-12-14T12:01:02","guid":{"rendered":"https:\/\/www.interbusinesschamber.com\/produit\/avene-creme-peaux-intolerantes-50-ml\/"},"modified":"2020-12-29T13:44:16","modified_gmt":"2020-12-29T12:44:16","slug":"avene-creme-peaux-intolerantes-50-ml","status":"publish","type":"product","link":"https:\/\/www.sopha-sahara.com\/en\/product\/avene-creme-peaux-intolerantes-50-ml\/","title":{"rendered":"AVENE CREME PEAUX INTOLERANTES 50 ML"},"content":{"rendered":"<p><strong>UTILISATION:<\/strong><\/p>\n<p>Appliquer matin et soir sur le visage et le cou pr\u00e9alablement nettoy\u00e9s avec la lotion nettoyante pour peaux intol\u00e9rantes.<\/p>","protected":false},"excerpt":{"rendered":"<p>Sans parfum, sans paraben, Av\u00e8ne Cr\u00e8me pour Peaux Intol\u00e9rantes est apaisante et r\u00e9pond aux besoins des peaux les plus sensibles. Soin sp\u00e9cifique pour peaux irrit\u00e9es de nature ou devenues irritables \u00e0 la suite d\u2019agressions diverses.<\/p>","protected":false},"featured_media":22686,"template":"","meta":{"arc_restricted_post":false},"product_cat":[329,48],"product_tag":[],"_links":{"self":[{"href":"https:\/\/www.sopha-sahara.com\/en\/wp-json\/wp\/v2\/product\/22780"}],"collection":[{"href":"https:\/\/www.sopha-sahara.com\/en\/wp-json\/wp\/v2\/product"}],"about":[{"href":"https:\/\/www.sopha-sahara.com\/en\/wp-json\/wp\/v2\/types\/product"}],"wp:featuredmedia":[{"embeddable":true,"href":"https:\/\/www.sopha-sahara.com\/en\/wp-json\/wp\/v2\/media\/22686"}],"wp:attachment":[{"href":"https:\/\/www.sopha-sahara.com\/en\/wp-json\/wp\/v2\/media?parent=22780"}],"wp:term":[{"taxonomy":"product_cat","embeddable":true,"href":"https:\/\/www.sopha-sahara.com\/en\/wp-json\/wp\/v2\/product_cat?post=22780"},{"taxonomy":"product_tag","embeddable":true,"href":"https:\/\/www.sopha-sahara.com\/en\/wp-json\/wp\/v2\/product_tag?post=22780"}],"curies":[{"name":"wp","href":"https:\/\/api.w.org\/{rel}","templated":true}]}}