{"id":22779,"date":"2020-12-14T13:01:02","date_gmt":"2020-12-14T12:01:02","guid":{"rendered":"https:\/\/www.interbusinesschamber.com\/produit\/avene-trixera-nutrition-baume-nutri-fluide-200-ml\/"},"modified":"2020-12-29T14:10:53","modified_gmt":"2020-12-29T13:10:53","slug":"avene-trixera-nutrition-baume-nutri-fluide-200-ml","status":"publish","type":"product","link":"https:\/\/www.sopha-sahara.com\/en\/product\/avene-trixera-nutrition-baume-nutri-fluide-200-ml\/","title":{"rendered":"AVENE TRIXERA NUTRITION BAUME NUTRI-FLUIDE 200 ML"},"content":{"rendered":"<div><strong>CONSEILS D'UTILISATION :<\/strong><\/div>\n<div>\n<div>Destin\u00e9 aux tr\u00e8s peaux s\u00e8ches de toute la famille, \u00e0 partir de 3 ans.<\/div>\n<\/div>","protected":false},"excerpt":{"rendered":"<div>Soin quotidien pour les peaux sensibles et tr\u00e8s s\u00e8ches de la famille.<\/div>\n<div>R\u00e9pare, nourrit et apaise les peaux s\u00e8ches, facilite le quotidien de la famille.<\/div>\n<div>\n<div>\u00a0 \u00a0 INNOVATION TEXTURE : NUTRI-FLUIDE<\/div>\n<div>\u00a0 \u00a0Texture non grasse et non collante pour une application et habillage EXPRESS<\/div>\n<div>\u00a0<\/div>\n<div>\u00a0 \u00a0INNOVATION ACTIF<\/div>\n<div>\u00a0 \u00a0Trio lipidique v\u00e9g\u00e9tal et S\u00e9lectiose (brevet Pierre Fabre):<\/div>\n<div>\u00a0 \u00a0restaurent la barri\u00e8re cutan\u00e9e pour une peau nourrit et une hydratation 48h*\u00a0<\/div>\n<div>\u00a0 \u00a0Eau thermale d&rsquo;Av\u00e8ne: apaise les peaux s\u00e8ches irrit\u00e9es par les tiraillements<\/div>\n<\/div>","protected":false},"featured_media":22718,"template":"","meta":{"arc_restricted_post":false},"product_cat":[329,48],"product_tag":[],"_links":{"self":[{"href":"https:\/\/www.sopha-sahara.com\/en\/wp-json\/wp\/v2\/product\/22779"}],"collection":[{"href":"https:\/\/www.sopha-sahara.com\/en\/wp-json\/wp\/v2\/product"}],"about":[{"href":"https:\/\/www.sopha-sahara.com\/en\/wp-json\/wp\/v2\/types\/product"}],"wp:featuredmedia":[{"embeddable":true,"href":"https:\/\/www.sopha-sahara.com\/en\/wp-json\/wp\/v2\/media\/22718"}],"wp:attachment":[{"href":"https:\/\/www.sopha-sahara.com\/en\/wp-json\/wp\/v2\/media?parent=22779"}],"wp:term":[{"taxonomy":"product_cat","embeddable":true,"href":"https:\/\/www.sopha-sahara.com\/en\/wp-json\/wp\/v2\/product_cat?post=22779"},{"taxonomy":"product_tag","embeddable":true,"href":"https:\/\/www.sopha-sahara.com\/en\/wp-json\/wp\/v2\/product_tag?post=22779"}],"curies":[{"name":"wp","href":"https:\/\/api.w.org\/{rel}","templated":true}]}}