{"id":22778,"date":"2020-12-14T13:01:02","date_gmt":"2020-12-14T12:01:02","guid":{"rendered":"https:\/\/www.interbusinesschamber.com\/produit\/avene-hydrance-aqua-gel-50ml\/"},"modified":"2020-12-29T13:45:20","modified_gmt":"2020-12-29T12:45:20","slug":"avene-hydrance-aqua-gel-50ml","status":"publish","type":"product","link":"https:\/\/www.sopha-sahara.com\/en\/product\/avene-hydrance-aqua-gel-50ml\/","title":{"rendered":"AVENE HYDRANCE AQUA GEL 50ML"},"content":{"rendered":"","protected":false},"excerpt":{"rendered":"<p>Un soin\u00a0<strong>tout-en-un<\/strong>\u00a0inspir\u00e9 des gal\u00e9niques d&rsquo;Asie, formul\u00e9 au Japon et fabriqu\u00e9 en France.<br \/>Sa\u00a0<strong>texture aqua-gel tr\u00e8s fra\u00eeche\u00a0<\/strong>offre \u00e0 la peau une sensation voile d&rsquo;eau d\u00e9licate.\u00a0<\/p>\n<p>Ce soin complet,\u00a0<span class=\"title_3b\"><strong>tout-en-un<\/strong><\/span>, s&rsquo;adapte \u00e0 tous les besoins et tous les rythmes de vie gr\u00e2ce \u00e0 ses propri\u00e9t\u00e9s et \u00e0 ses utilisations multiples.<\/p>\n<p>Il\u00a0<strong>hydrate*, apaise et d\u00e9toxifie<\/strong>\u00a0la peau, en un seul geste gr\u00e2ce :<\/p>\n<p>&#8211; \u00e0 son\u00a0<span class=\"title_3b\"><strong>complexe Cohederm<\/strong><\/span>\u00a0brevet\u00e9**, qui procure une hydratation intense,<br \/>&#8211; \u00e0 l&rsquo;<span class=\"title_3b\"><strong>Eau thermale d&rsquo;Av\u00e8ne<\/strong><\/span>, anti-irritante, qui apaise imm\u00e9diatement,<br \/>&#8211; \u00e0 l&rsquo;association du\u00a0<span class=\"title_3b\"><strong>Pr\u00e9-tocoph\u00e9ryl et du Sulfate de dextran<\/strong><\/span>, qui aident \u00e0 lutter contre l&rsquo;attaque des radicaux libres.\u00a0<\/p>\n<p><span class=\"title_1b\">Il peut \u00eatre utilis\u00e9 :<\/span><\/p>\n<p>&#8211; en soin de jour\u00a0<br \/>&#8211; en masque de nuit<br \/>&#8211; en soin contour des yeux\u00a0<\/p>\n<p>Sa texture\u00a0<strong>aqua-gel tr\u00e8s fra\u00eeche<\/strong>\u00a0offre \u00e0 la peau une sensation voile d&rsquo;eau d\u00e9licate et lui procure confort, souplesse et luminosit\u00e9.<br \/>Durablement hydrat\u00e9e, la peau retrouve, jour apr\u00e8s jour, toute sa fra\u00eecheur.<\/p>","protected":false},"featured_media":22688,"template":"","meta":{"arc_restricted_post":false},"product_cat":[329,48],"product_tag":[],"_links":{"self":[{"href":"https:\/\/www.sopha-sahara.com\/en\/wp-json\/wp\/v2\/product\/22778"}],"collection":[{"href":"https:\/\/www.sopha-sahara.com\/en\/wp-json\/wp\/v2\/product"}],"about":[{"href":"https:\/\/www.sopha-sahara.com\/en\/wp-json\/wp\/v2\/types\/product"}],"wp:featuredmedia":[{"embeddable":true,"href":"https:\/\/www.sopha-sahara.com\/en\/wp-json\/wp\/v2\/media\/22688"}],"wp:attachment":[{"href":"https:\/\/www.sopha-sahara.com\/en\/wp-json\/wp\/v2\/media?parent=22778"}],"wp:term":[{"taxonomy":"product_cat","embeddable":true,"href":"https:\/\/www.sopha-sahara.com\/en\/wp-json\/wp\/v2\/product_cat?post=22778"},{"taxonomy":"product_tag","embeddable":true,"href":"https:\/\/www.sopha-sahara.com\/en\/wp-json\/wp\/v2\/product_tag?post=22778"}],"curies":[{"name":"wp","href":"https:\/\/api.w.org\/{rel}","templated":true}]}}