{"id":22777,"date":"2020-12-14T13:01:02","date_gmt":"2020-12-14T12:01:02","guid":{"rendered":"https:\/\/www.interbusinesschamber.com\/produit\/avene-cold-cream-creme-40ml\/"},"modified":"2020-12-29T12:56:44","modified_gmt":"2020-12-29T11:56:44","slug":"avene-cold-cream-creme-40ml","status":"publish","type":"product","link":"https:\/\/www.sopha-sahara.com\/en\/product\/avene-cold-cream-creme-40ml\/","title":{"rendered":"AVENE COLD CREAM CREME 40ML"},"content":{"rendered":"<p><strong>Ses Bienfaits<\/strong><\/p>\n<p>o\u00a0\u00a0\u00a0\u00a0Nutritive :\u00a0Riche en Cold Cream et en huiles v\u00e9g\u00e9tales, cette cr\u00e8me \u00e0\u00a0 la texture onctueuse procure un grand moment de confort \u00e0 votre peau d\u00e8s son application.<\/p>\n<p>o\u00a0\u00a0\u00a0\u00a0Protectrice :\u00a0Riche en cire blanche d\u2019abeille, elle met votre peau \u00e0 l\u2019abri des agressions ext\u00e9rieures.<\/p>\n<p>o\u00a0\u00a0\u00a0\u00a0Apaisante :\u00a0L\u2019Eau thermale d\u2019Av\u00e8ne, apaisante et anti-irritante, procure \u00e0 votre peau une sensation de confort imm\u00e9diate.<\/p>\n<p><strong>Est-elle faite pour moi ?<\/strong><\/p>\n<p>Cold Cream Cr\u00e8me est particuli\u00e8rement indiqu\u00e9e pour les peaux senibles s\u00e8ches ou tr\u00e8s s\u00e8ches.<\/p>\n<p><strong>Le Bon Geste<\/strong><\/p>\n<p>o\u00a0\u00a0\u00a0 Nettoyez votre peau au pr\u00e9alable.<br \/>o\u00a0\u00a0\u00a0 Appliquez ce soin deux fois par jour en massant d\u00e9licatement pour bien faire p\u00e9n\u00e9trer la cr\u00e8me.<\/p>","protected":false},"excerpt":{"rendered":"<p><strong>Nourrit, hydrate* et prot\u00e8ge votre peau des agressions ext\u00e9rieures.<\/p>\n<p><em>* Couches sup\u00e9rieures de la peau<\/em><\/strong><\/p>","protected":false},"featured_media":22669,"template":"","meta":{"arc_restricted_post":false},"product_cat":[329,48],"product_tag":[],"_links":{"self":[{"href":"https:\/\/www.sopha-sahara.com\/en\/wp-json\/wp\/v2\/product\/22777"}],"collection":[{"href":"https:\/\/www.sopha-sahara.com\/en\/wp-json\/wp\/v2\/product"}],"about":[{"href":"https:\/\/www.sopha-sahara.com\/en\/wp-json\/wp\/v2\/types\/product"}],"wp:featuredmedia":[{"embeddable":true,"href":"https:\/\/www.sopha-sahara.com\/en\/wp-json\/wp\/v2\/media\/22669"}],"wp:attachment":[{"href":"https:\/\/www.sopha-sahara.com\/en\/wp-json\/wp\/v2\/media?parent=22777"}],"wp:term":[{"taxonomy":"product_cat","embeddable":true,"href":"https:\/\/www.sopha-sahara.com\/en\/wp-json\/wp\/v2\/product_cat?post=22777"},{"taxonomy":"product_tag","embeddable":true,"href":"https:\/\/www.sopha-sahara.com\/en\/wp-json\/wp\/v2\/product_tag?post=22777"}],"curies":[{"name":"wp","href":"https:\/\/api.w.org\/{rel}","templated":true}]}}