{"id":22775,"date":"2020-12-14T13:01:01","date_gmt":"2020-12-14T12:01:01","guid":{"rendered":"https:\/\/www.interbusinesschamber.com\/produit\/avene-tolerance-extreme-lait-50ml\/"},"modified":"2020-12-29T14:09:45","modified_gmt":"2020-12-29T13:09:45","slug":"avene-tolerance-extreme-lait-50ml","status":"publish","type":"product","link":"https:\/\/www.sopha-sahara.com\/en\/product\/avene-tolerance-extreme-lait-50ml\/","title":{"rendered":"AVENE TOLERANCE EXTREME LAIT 50ML"},"content":{"rendered":"<p>Sa formule st\u00e9rile est pr\u00e9serv\u00e9e de tout risque de contamination gr\u00e2ce au conditionnement brevet\u00e9 D.E.F.I. (Dispositif Exclusif Formule Intacte) et conserve intacts tous ses bienfaits.<\/p>\n<p>&nbsp;<\/p>\n<p><strong>Ses Bienfaits<\/strong><\/p>\n<p>o\u00a0\u00a0\u00a0\u00a0Purifiant :\u00a0Il nettoie parfaitement votre peau et la d\u00e9barrasse du maquillage et des impuret\u00e9s en la laissant nette et fra\u00eeche.<\/p>\n<p>o\u00a0\u00a0\u00a0\u00a0Apaisant :\u00a0L\u2019Eau thermale d\u2019Av\u00e8ne, apaisante et anti-irritante, adoucit votre peau et l\u2019enveloppe d\u2019un voile protecteur.<\/p>\n<p><strong>Est-il fait pour moi ?<\/strong><\/p>\n<p>Tol\u00e9rance extr\u00eame Lait est particuli\u00e8rement indiqu\u00e9 pour la toilette quotidienne douce et respectueuse des peaux hypersensibles.<\/p>\n<p><strong>Le Bon Geste<\/strong><\/p>\n<p>o\u00a0\u00a0\u00a0 Appliquez matin et soir du bout des doigts en massant l\u00e9g\u00e8rement.<br \/>o\u00a0\u00a0\u00a0 Eliminez d\u00e9licatement et sans frotter, \u00e0 l\u2019aide d\u2019un coton.<\/p>","protected":false},"excerpt":{"rendered":"<p>Nettoie et apaise les peaux hypersensibles.<br \/>O% conservateur, O% parfum, O% tensio-actif.<\/p>","protected":false},"featured_media":22716,"template":"","meta":{"arc_restricted_post":false},"product_cat":[329,48],"product_tag":[],"_links":{"self":[{"href":"https:\/\/www.sopha-sahara.com\/en\/wp-json\/wp\/v2\/product\/22775"}],"collection":[{"href":"https:\/\/www.sopha-sahara.com\/en\/wp-json\/wp\/v2\/product"}],"about":[{"href":"https:\/\/www.sopha-sahara.com\/en\/wp-json\/wp\/v2\/types\/product"}],"wp:featuredmedia":[{"embeddable":true,"href":"https:\/\/www.sopha-sahara.com\/en\/wp-json\/wp\/v2\/media\/22716"}],"wp:attachment":[{"href":"https:\/\/www.sopha-sahara.com\/en\/wp-json\/wp\/v2\/media?parent=22775"}],"wp:term":[{"taxonomy":"product_cat","embeddable":true,"href":"https:\/\/www.sopha-sahara.com\/en\/wp-json\/wp\/v2\/product_cat?post=22775"},{"taxonomy":"product_tag","embeddable":true,"href":"https:\/\/www.sopha-sahara.com\/en\/wp-json\/wp\/v2\/product_tag?post=22775"}],"curies":[{"name":"wp","href":"https:\/\/api.w.org\/{rel}","templated":true}]}}