{"id":22773,"date":"2020-12-14T13:01:01","date_gmt":"2020-12-14T12:01:01","guid":{"rendered":"https:\/\/www.interbusinesschamber.com\/produit\/avene-solaire-compact-teinte-dore-spf50-10g\/"},"modified":"2020-12-29T13:58:29","modified_gmt":"2020-12-29T12:58:29","slug":"avene-solaire-compact-teinte-dore-spf50-10g","status":"publish","type":"product","link":"https:\/\/www.sopha-sahara.com\/en\/product\/avene-solaire-compact-teinte-dore-spf50-10g\/","title":{"rendered":"AVENE SOLAIRE COMPACT TEINTE DORE SPF50 10G"},"content":{"rendered":"<div class=\"product-tabs\">\n<div class=\"std\">\n<p>Ses atouts :\u00a0<\/p>\n<ul>\n<li>Complexe d'actifs photoprotecteurs assurant une haute protection contre l'ensemble du rayonnement solaire UVB-UVA longs et courts.<\/li>\n<li>Texture souple et facile \u00e0 appliquer pour un teint uniforme.<\/li>\n<li>Haute tol\u00e9rance : con\u00e7u sans filtre chimique, ni parfum.<\/li>\n<\/ul>\n<p>Est-il fait pour moi ?<\/p>\n<ul>\n<li>Peaux claires.<\/li>\n<li>Peaux souvent sujettes aux coups de soleil.<\/li>\n<li>Peaux intol\u00e9rantes aux filtres chimiques et aux parfums.<\/li>\n<\/ul>\n<\/div>\n<\/div>\n<div class=\"product-tabs\">\n<div class=\"title-border\">\n<h4 class=\"h2\">Conseils d'utilisation<\/h4>\n<\/div>\n<div class=\"std\">\n<ul>\n<li>Avant toute exposition au soleil, appliquer uniform\u00e9ment sur le visage.<br \/>\u00a0<\/li>\n<li>Renouveler fr\u00e9quemment l'application en cas d'expositions prolong\u00e9es, et apr\u00e8s chaque bain.<\/li>\n<\/ul>\n<\/div>\n<\/div>\n<div class=\"product-tabs\">\n<div class=\"title-border\">\n<h4 class=\"h2\">Composition<\/h4>\n<\/div>\n<div class=\"std\">\n<p>Formule INCI:<br \/>C12-15 alkyl benzoate, isodecyl neopentanoate, titanium dioxide, zinc oxide, Candelilla cera, isostearyl isostearate, mica, Carnauba cera, CI 77491, CI 77492, CI 77499, silica, C10-11 isoparaffin, Avene Aqua, dimethicone, disteardimonium hectorite, isopropyl palmitate, methylparaben, PEG-30 dipolyhydroxystearate, propylene carbonate, propylparaben, sorbitan sesquioleate, tocopheryl glucoside, trimethoxycaprylylsilane.<\/p>\n<\/div>\n<\/div>","protected":false},"excerpt":{"rendered":"<p>Haute protection solaire de la peau intol\u00e9rante ou fragilis\u00e9e du visage.<\/p>","protected":false},"featured_media":22703,"template":"","meta":{"arc_restricted_post":false},"product_cat":[329,48],"product_tag":[],"_links":{"self":[{"href":"https:\/\/www.sopha-sahara.com\/en\/wp-json\/wp\/v2\/product\/22773"}],"collection":[{"href":"https:\/\/www.sopha-sahara.com\/en\/wp-json\/wp\/v2\/product"}],"about":[{"href":"https:\/\/www.sopha-sahara.com\/en\/wp-json\/wp\/v2\/types\/product"}],"wp:featuredmedia":[{"embeddable":true,"href":"https:\/\/www.sopha-sahara.com\/en\/wp-json\/wp\/v2\/media\/22703"}],"wp:attachment":[{"href":"https:\/\/www.sopha-sahara.com\/en\/wp-json\/wp\/v2\/media?parent=22773"}],"wp:term":[{"taxonomy":"product_cat","embeddable":true,"href":"https:\/\/www.sopha-sahara.com\/en\/wp-json\/wp\/v2\/product_cat?post=22773"},{"taxonomy":"product_tag","embeddable":true,"href":"https:\/\/www.sopha-sahara.com\/en\/wp-json\/wp\/v2\/product_tag?post=22773"}],"curies":[{"name":"wp","href":"https:\/\/api.w.org\/{rel}","templated":true}]}}