{"id":22772,"date":"2020-12-14T13:01:01","date_gmt":"2020-12-14T12:01:01","guid":{"rendered":"https:\/\/www.interbusinesschamber.com\/produit\/avene-solaire-compact-teinte-sable-spf50-10g\/"},"modified":"2020-12-29T13:59:09","modified_gmt":"2020-12-29T12:59:09","slug":"avene-solaire-compact-teinte-sable-spf50-10g","status":"publish","type":"product","link":"https:\/\/www.sopha-sahara.com\/en\/product\/avene-solaire-compact-teinte-sable-spf50-10g\/","title":{"rendered":"AVENE SOLAIRE COMPACT TEINTE SABLE SPF50 10G"},"content":{"rendered":"<div class=\"product-tabs\">\n<div class=\"std\">\n<p>Ses atouts :\u00a0<\/p>\n<ul>\n<li>Complexe d'actifs photoprotecteurs assurant une haute protection contre l'ensemble du rayonnement solaire UVB-UVA longs et courts.<\/li>\n<li>Texture souple et facile \u00e0 appliquer pour un teint uniforme.<\/li>\n<li>Haute tol\u00e9rance : con\u00e7u sans filtre chimique, ni parfum.<\/li>\n<\/ul>\n<p>Est-il fait pour moi ?<\/p>\n<ul>\n<li>Peaux claires.<\/li>\n<li>Peaux souvent sujettes aux coups de soleil.<\/li>\n<li>Peaux intol\u00e9rantes aux filtres chimiques et aux parfums<\/li>\n<\/ul>\n<p>Le Compact sable Haute protection 50, formul\u00e9 sans filtre chimique et sans parfum s'adresse particuli\u00e8rement aux peaux intol\u00e9rantes aux filtres chimiques ou aux parfums, aux peaux sensibles au soleil, aux peaux claires, aux peaux souvent sujettes aux coups de soleil.<\/p>\n<p>Il assure uen tr\u00e8s large protection vis-\u00e0-vis du spectre UV gr\u00e2ce \u00e0 son association exclusive d'actifs :\u00a0<br \/>- Son complexe d'\u00e9crans min\u00e9raux, stable et efficace dans le temps, offre le meilleur de la protection min\u00e9rale contre les UVB, ainsi que les UVA courts et longs.<br \/>- Le pr\u00e9-tocoph\u00e9ryl, pr\u00e9curseur de vitamine E (puissant anti-oxydant), prot\u00e8ge les cellules des radicaux libres.<br \/>- L'eau thermale d'Av\u00e8ne apporte ses propri\u00e9t\u00e9s apaisantes et anti-irritantes.<\/p>\n<p>D'une teinte appropri\u00e9e, le Compact sable Haute Protection 50 permet de masquer les imperfections, maquiller les peaux dont la pigmentation est irr\u00e9guli\u00e8re et am\u00e9liorer le teint en procurant ainsi un effet \"bonne mine\". Facile \u00e0 appliquer, il assure un teint naturel, homog\u00e8ne et mat gr\u00e2ce \u00e0 sa texture cr\u00e8me au fini poudr\u00e9.<\/p>\n<\/div>\n<\/div>\n<div class=\"product-tabs\">\n<div class=\"title-border\">\n<h4 class=\"h2\">Conseils d'utilisation<\/h4>\n<\/div>\n<div class=\"std\">\n<p>Avant toute exposition au soleil, appliquer uniform\u00e9ment sur la peau.\u00a0<br \/>Renouveler fr\u00e9quemment l'application en cas d'expositions prolong\u00e9es et apr\u00e8s chaque bain.\u00a0<\/p>\n<\/div>\n<\/div>\n<div class=\"product-tabs\">\n<div class=\"title-border\">\n<h4 class=\"h2\">Composition<\/h4>\n<\/div>\n<div class=\"std\">\n<p>Formule INCI : Titanium dioxide, dimethicone, hydrogenated polysisobutene, phenyl trimethicone, isodecyl neopentanoate, zinc oxide, squalane, polyethylene, talc, ethylhexyl hydroxystearate, silicia, polymethyl, methacrylate, polyglycreyl-3, diisostearate, aven aqua, cera microcristallina, phenoxyethanol, tocopheryl glucoside, tribehenin, triethoxycaprylylsilane.<\/p>\n<\/div>\n<\/div>","protected":false},"excerpt":{"rendered":"<p>Haute protection solaire de la peau intol\u00e9rante ou fragilis\u00e9e du visage.<\/p>","protected":false},"featured_media":22704,"template":"","meta":{"arc_restricted_post":false},"product_cat":[329,48],"product_tag":[],"_links":{"self":[{"href":"https:\/\/www.sopha-sahara.com\/en\/wp-json\/wp\/v2\/product\/22772"}],"collection":[{"href":"https:\/\/www.sopha-sahara.com\/en\/wp-json\/wp\/v2\/product"}],"about":[{"href":"https:\/\/www.sopha-sahara.com\/en\/wp-json\/wp\/v2\/types\/product"}],"wp:featuredmedia":[{"embeddable":true,"href":"https:\/\/www.sopha-sahara.com\/en\/wp-json\/wp\/v2\/media\/22704"}],"wp:attachment":[{"href":"https:\/\/www.sopha-sahara.com\/en\/wp-json\/wp\/v2\/media?parent=22772"}],"wp:term":[{"taxonomy":"product_cat","embeddable":true,"href":"https:\/\/www.sopha-sahara.com\/en\/wp-json\/wp\/v2\/product_cat?post=22772"},{"taxonomy":"product_tag","embeddable":true,"href":"https:\/\/www.sopha-sahara.com\/en\/wp-json\/wp\/v2\/product_tag?post=22772"}],"curies":[{"name":"wp","href":"https:\/\/api.w.org\/{rel}","templated":true}]}}