{"id":22771,"date":"2020-12-14T13:01:01","date_gmt":"2020-12-14T12:01:01","guid":{"rendered":"https:\/\/www.interbusinesschamber.com\/produit\/avene-solaire-anti-age-tres-haute-protection-solaire-spf-50\/"},"modified":"2020-12-29T13:56:52","modified_gmt":"2020-12-29T12:56:52","slug":"avene-solaire-anti-age-tres-haute-protection-solaire-spf-50","status":"publish","type":"product","link":"https:\/\/www.sopha-sahara.com\/en\/product\/avene-solaire-anti-age-tres-haute-protection-solaire-spf-50\/","title":{"rendered":"AVENE SOLAIRE ANTI-\u00c2GE TR\u00c8S HAUTE PROTECTION SOLAIRE SPF 50+"},"content":{"rendered":"","protected":false},"excerpt":{"rendered":"<p>Association exclusive d&rsquo;actifs, Sunsitive\u00ae protection, issue de la Recherche Pierre Fabre :<\/p>\n<p>&#8211; Minimum de filtres, stables et efficaces dans le temps, offrant une haute protection optimale contre les UVB et les UVA (courts et longs).<\/p>\n<p>&#8211; Puissant antioxydant, le Pr\u00e9-tocoph\u00e9ryl, pour une protection cellulaire contre les radicaux libres.<\/p>\n<p>&#8211; Eau thermale d&rsquo;Av\u00e8ne, aux propri\u00e9t\u00e9s apaisantes et anti-irritantes.<\/p>\n<p>L&rsquo;AscofillineTM, actif anti-\u00e2ge \u00ab\u00a0architecte\u00a0\u00bb, associ\u00e9 au complexe Sunsitive\u00ae protection contribue \u00e0 la pr\u00e9vention du photovieillissement.<\/p>\n<p>Transparente \u00e0 l&rsquo;application, sa texture fluide et l\u00e9g\u00e8re prot\u00e8ge et hydrate* les peaux sensibles.<\/p>\n<p>Tube-pompe airless : pratique, il permet de doser facilement la juste quantit\u00e9 de produit \u00e0 appliquer.<\/p>\n<p>* Hydratation des couches sup\u00e9rieures de la peau.<\/p>","protected":false},"featured_media":22701,"template":"","meta":{"arc_restricted_post":false},"product_cat":[329,48],"product_tag":[],"_links":{"self":[{"href":"https:\/\/www.sopha-sahara.com\/en\/wp-json\/wp\/v2\/product\/22771"}],"collection":[{"href":"https:\/\/www.sopha-sahara.com\/en\/wp-json\/wp\/v2\/product"}],"about":[{"href":"https:\/\/www.sopha-sahara.com\/en\/wp-json\/wp\/v2\/types\/product"}],"wp:featuredmedia":[{"embeddable":true,"href":"https:\/\/www.sopha-sahara.com\/en\/wp-json\/wp\/v2\/media\/22701"}],"wp:attachment":[{"href":"https:\/\/www.sopha-sahara.com\/en\/wp-json\/wp\/v2\/media?parent=22771"}],"wp:term":[{"taxonomy":"product_cat","embeddable":true,"href":"https:\/\/www.sopha-sahara.com\/en\/wp-json\/wp\/v2\/product_cat?post=22771"},{"taxonomy":"product_tag","embeddable":true,"href":"https:\/\/www.sopha-sahara.com\/en\/wp-json\/wp\/v2\/product_tag?post=22771"}],"curies":[{"name":"wp","href":"https:\/\/api.w.org\/{rel}","templated":true}]}}