{"id":22769,"date":"2020-12-14T13:01:01","date_gmt":"2020-12-14T12:01:01","guid":{"rendered":"https:\/\/www.interbusinesschamber.com\/produit\/avene-cleanance-hydra-creme-apaisante-40-ml\/"},"modified":"2020-12-29T12:52:11","modified_gmt":"2020-12-29T11:52:11","slug":"avene-cleanance-hydra-creme-apaisante-40-ml","status":"publish","type":"product","link":"https:\/\/www.sopha-sahara.com\/en\/product\/avene-cleanance-hydra-creme-apaisante-40-ml\/","title":{"rendered":"AVENE CLEANANCE HYDRA CR\u00c9ME APAISANTE 40 ML"},"content":{"rendered":"<p>&nbsp;<\/p>\n<p><strong>R\u00c9SULTATS :<\/strong><\/p>\n<p>Ce soin a \u00e9t\u00e9 test\u00e9 par 26 personnes pr\u00e9sentant une s\u00e9cheresse cutan\u00e9e induite par la prise de r\u00e9tino\u00efdes par voie orale. Apr\u00e8s 1 mois d\u2019application, les participants ont constat\u00e9 :<\/p>\n<ul>\n<li>Une diminution de 54% de la s\u00e9cheresse.<\/li>\n<li>Une baisse de 43% de la rugosit\u00e9 de la peau.<\/li>\n<li>Une nette am\u00e9lioration de la desquamation.<\/li>\n<li>100% des utilisateurs ont aim\u00e9 la facilit\u00e9 d\u2019application du soin.<\/li>\n<li>88% ont appr\u00e9ci\u00e9 sa facilit\u00e9 de p\u00e9n\u00e9tration.<\/li>\n<li>90% des utilisateurs ont appr\u00e9ci\u00e9 son pouvoir hydratant.<\/li>\n<\/ul>\n<p>&nbsp;<\/p>\n<p><strong>CONSEILS D'UTILISATION :<\/strong><\/p>\n<p>Appliquez matin et\/ou soir sur le visage pr\u00e9alablement nettoy\u00e9 avec Cleanance HYDRA Cr\u00e8me lavante apaisante.<\/p>","protected":false},"excerpt":{"rendered":"<p>Soin apaisant, hydratant et nourrissant sp\u00e9cifique des peaux dess\u00e9ch\u00e9es et irrit\u00e9es par un traitement m\u00e9dicamenteux anti-acn\u00e9ique. Restaure le confort cutan\u00e9.<\/p>\n<p>Apaisante : l\u2019Eau thermale d&rsquo;Av\u00e8ne restitue toutes ses propri\u00e9t\u00e9s apaisantes et anti-irritantes. Le Bisabolol calme les rougeurs. Hydratante-Nourrissante : ses actifs hydratants et nourrissants reconstituent le film hydrolipidique alt\u00e9r\u00e9. Cleanance HYDRA Cr\u00e8me apaisante est une cr\u00e8me onctueuse, non grasse, qui s\u2019\u00e9tale facilement. Rapidement absorb\u00e9e, elle restaure le confort cutan\u00e9 et facilite le suivi des traitements m\u00e9dicamenteux irritants et dess\u00e9chants.<\/p>","protected":false},"featured_media":22666,"template":"","meta":{"arc_restricted_post":false},"product_cat":[329,48],"product_tag":[],"_links":{"self":[{"href":"https:\/\/www.sopha-sahara.com\/en\/wp-json\/wp\/v2\/product\/22769"}],"collection":[{"href":"https:\/\/www.sopha-sahara.com\/en\/wp-json\/wp\/v2\/product"}],"about":[{"href":"https:\/\/www.sopha-sahara.com\/en\/wp-json\/wp\/v2\/types\/product"}],"wp:featuredmedia":[{"embeddable":true,"href":"https:\/\/www.sopha-sahara.com\/en\/wp-json\/wp\/v2\/media\/22666"}],"wp:attachment":[{"href":"https:\/\/www.sopha-sahara.com\/en\/wp-json\/wp\/v2\/media?parent=22769"}],"wp:term":[{"taxonomy":"product_cat","embeddable":true,"href":"https:\/\/www.sopha-sahara.com\/en\/wp-json\/wp\/v2\/product_cat?post=22769"},{"taxonomy":"product_tag","embeddable":true,"href":"https:\/\/www.sopha-sahara.com\/en\/wp-json\/wp\/v2\/product_tag?post=22769"}],"curies":[{"name":"wp","href":"https:\/\/api.w.org\/{rel}","templated":true}]}}