{"id":22768,"date":"2020-12-14T13:01:01","date_gmt":"2020-12-14T12:01:01","guid":{"rendered":"https:\/\/www.interbusinesschamber.com\/produit\/avene-cleanance-solaire-spf-50\/"},"modified":"2020-12-31T11:01:56","modified_gmt":"2020-12-31T10:01:56","slug":"avene-cleanance-solaire-spf-50","status":"publish","type":"product","link":"https:\/\/www.sopha-sahara.com\/en\/product\/avene-cleanance-solaire-spf-50\/","title":{"rendered":"AVENE CLEANANCE SOLAIRE SPF 50+"},"content":{"rendered":"<p>Nettoie les peaux jeunes \u00e0 probl\u00e8mes sous traitement acn\u00e9ique, sans les dess\u00e9cher.<br \/>Sans paraben.<\/p>\n<p><strong>Ses Bienfaits<\/strong><\/p>\n<p>o\u00a0\u00a0\u00a0\u00a0Nettoyante :\u00a0Ses agents tensio actifs tr\u00e8s doux nettoient votre peau sans la dess\u00e9cher ou l\u2019agresser, hydratent et lui redonnent son confort en pr\u00e9servant son film protecteur.<\/p>\n<p>o\u00a0\u00a0\u00a0\u00a0Apaisante :\u00a0L\u2019Eau thermale d\u2019Av\u00e8ne, apaisante et anti-irritante, procure une sensation de confort imm\u00e9diate.<\/p>\n<p>o\u00a0\u00a0\u00a0\u00a0Nourrissante :\u00a0Gr\u00e2ce aux vertus nutritives de la noix de coco, du beurre de karit\u00e9 et de l\u2019huile de jojoba, votre peau est nourrie pour longtemps, elle retrouve le confort dont elle a besoin.<\/p>","protected":false},"excerpt":{"rendered":"<p>Association exclusive d&rsquo;actifs, Sunsitive\u00ae protection, issue de la Recherche Pierre Fabre :<\/p>\n<p>Minimum de filtres, stables et efficaces dans le temps, offrant une HAUTE PROTECTION OPTIMALE CONTRE LES UVB ET LES UVA (courts et longs).<\/p>\n<p>PUISSANT ANTIOXYDANT, le Pr\u00e9-tocoph\u00e9ryl, pour une protection cellulaire contre les radicaux libres.<\/p>\n<p>Eau thermale d&rsquo;Av\u00e8ne, aux PROPRI\u00c9T\u00c9S APAISANTES ET ANTI-IRRITANTES.<\/p>\n<p>Actif s\u00e9bor\u00e9gulateur, la Monolaurine, pour une ACTION MATIFIANTE.<\/p>\n<p>Texture fluide et l\u00e9g\u00e8re qui hydrate* et matifie les peaux grasses \u00e0 tendance acn\u00e9ique. Tube-pompe airless : pratique, il permet de doser facilement la juste quantit\u00e9 de produit \u00e0 appliquer.<\/p>\n<p>* Hydratation des couches sup\u00e9rieures de la peau.<\/p>","protected":false},"featured_media":22668,"template":"","meta":{"arc_restricted_post":false},"product_cat":[329,48],"product_tag":[],"_links":{"self":[{"href":"https:\/\/www.sopha-sahara.com\/en\/wp-json\/wp\/v2\/product\/22768"}],"collection":[{"href":"https:\/\/www.sopha-sahara.com\/en\/wp-json\/wp\/v2\/product"}],"about":[{"href":"https:\/\/www.sopha-sahara.com\/en\/wp-json\/wp\/v2\/types\/product"}],"wp:featuredmedia":[{"embeddable":true,"href":"https:\/\/www.sopha-sahara.com\/en\/wp-json\/wp\/v2\/media\/22668"}],"wp:attachment":[{"href":"https:\/\/www.sopha-sahara.com\/en\/wp-json\/wp\/v2\/media?parent=22768"}],"wp:term":[{"taxonomy":"product_cat","embeddable":true,"href":"https:\/\/www.sopha-sahara.com\/en\/wp-json\/wp\/v2\/product_cat?post=22768"},{"taxonomy":"product_tag","embeddable":true,"href":"https:\/\/www.sopha-sahara.com\/en\/wp-json\/wp\/v2\/product_tag?post=22768"}],"curies":[{"name":"wp","href":"https:\/\/api.w.org\/{rel}","templated":true}]}}