{"id":22767,"date":"2020-12-14T13:01:01","date_gmt":"2020-12-14T12:01:01","guid":{"rendered":"https:\/\/www.interbusinesschamber.com\/produit\/avene-tolerance-extreme-defi-creme-50ml-spray-eau-thermale-50ml-offert\/"},"modified":"2020-12-29T14:08:11","modified_gmt":"2020-12-29T13:08:11","slug":"avene-tolerance-extreme-defi-creme-50ml-spray-eau-thermale-50ml-offert","status":"publish","type":"product","link":"https:\/\/www.sopha-sahara.com\/en\/product\/avene-tolerance-extreme-defi-creme-50ml-spray-eau-thermale-50ml-offert\/","title":{"rendered":"AVENE TOLERANCE EXTREME DEFI CREME 50ML + SPRAY EAU THERMALE 50ML OFFERT"},"content":{"rendered":"<p>Sa formule st\u00e9rile est pr\u00e9serv\u00e9e de tout risque de contamination gr\u00e2ce au conditionnement brevet\u00e9 DEFI (Dispositif Exclusif Formule Intacte) et conserve intacts tous ses bienfaits.<\/p>\n<p><strong>Ses Bienfaits<\/strong><\/p>\n<p>o\u00a0\u00a0\u00a0\u00a0Hydratante* :\u00a0Elle hydrate et ressource votre peau hypersensible et l\u2019aide \u00e0 affronter les agressions quotidiennes.<\/p>\n<p>o\u00a0\u00a0\u00a0\u00a0Apaisante :\u00a0L\u2019Eau thermale d\u2019Av\u00e8ne, apaisante et anti-irritante, adoucit votre peau et l\u2019enveloppe d\u2019un voile protecteur.<\/p>\n<p><em>* Couches sup\u00e9rieures de la peau<\/em><\/p>\n<p><strong>Est-elle faite pour moi ?<\/strong><\/p>\n<p>Tol\u00e9rance extr\u00eame Cr\u00e8me est particuli\u00e8rement indiqu\u00e9e pour les peaux hypersensibles. Id\u00e9ale aussi pour une hydratation en toute confiance chaque jour.<\/p>\n<p><strong>Le Bon Geste<br \/><\/strong><br \/>o\u00a0\u00a0\u00a0 Appliquez matin et soir sur le visage et le cou pr\u00e9alablement nettoy\u00e9s.<\/p>","protected":false},"excerpt":{"rendered":"<p>Hydrate et apaise les peaux hypersensibles.\u00a0<br \/>O% conservateur, O% parfum, O% tensio-actif.<\/p>","protected":false},"featured_media":22715,"template":"","meta":{"arc_restricted_post":false},"product_cat":[329,48],"product_tag":[],"_links":{"self":[{"href":"https:\/\/www.sopha-sahara.com\/en\/wp-json\/wp\/v2\/product\/22767"}],"collection":[{"href":"https:\/\/www.sopha-sahara.com\/en\/wp-json\/wp\/v2\/product"}],"about":[{"href":"https:\/\/www.sopha-sahara.com\/en\/wp-json\/wp\/v2\/types\/product"}],"wp:featuredmedia":[{"embeddable":true,"href":"https:\/\/www.sopha-sahara.com\/en\/wp-json\/wp\/v2\/media\/22715"}],"wp:attachment":[{"href":"https:\/\/www.sopha-sahara.com\/en\/wp-json\/wp\/v2\/media?parent=22767"}],"wp:term":[{"taxonomy":"product_cat","embeddable":true,"href":"https:\/\/www.sopha-sahara.com\/en\/wp-json\/wp\/v2\/product_cat?post=22767"},{"taxonomy":"product_tag","embeddable":true,"href":"https:\/\/www.sopha-sahara.com\/en\/wp-json\/wp\/v2\/product_tag?post=22767"}],"curies":[{"name":"wp","href":"https:\/\/api.w.org\/{rel}","templated":true}]}}