{"id":22766,"date":"2020-12-14T13:01:01","date_gmt":"2020-12-14T12:01:01","guid":{"rendered":"https:\/\/www.interbusinesschamber.com\/produit\/avene-xeracalm-a-d-huile-lavante-relipidante-400ml\/"},"modified":"2020-12-29T14:12:42","modified_gmt":"2020-12-29T13:12:42","slug":"avene-xeracalm-a-d-huile-lavante-relipidante-400ml","status":"publish","type":"product","link":"https:\/\/www.sopha-sahara.com\/en\/product\/avene-xeracalm-a-d-huile-lavante-relipidante-400ml\/","title":{"rendered":"AVENE XERACALM A.D HUILE LAVANTE RELIPIDANTE 400ML"},"content":{"rendered":"","protected":false},"excerpt":{"rendered":"<p>L&rsquo;Huile Lavante Relipidante XeraCalm A.D s&rsquo;appuie sur une formule multi-comp\u00e9tente \u00e9labor\u00e9e autour d&rsquo;une innovation-actif :<\/p>\n<p>I-MODULIA\u00ae I-MODULIA\u00ae\u00a0: innovation biotechnologique d\u00e9velopp\u00e9e apr\u00e8s 12 ann\u00e9es de recherche par les Laboratoires Pierre Fabre. Diminue les sensations de d\u00e9mangeaisons dues au dess\u00e9chement cutan\u00e9 , apaise les rougeurs\/irritations dues \u00e0 l\u2019hyperr\u00e9activit\u00e9 de la peau, r\u00e9-apprend \u00e0 la peau \u00e0 se prot\u00e9ger.<\/p>\n<p>LES CER-OMEGA\u00a0: r\u00e9parent\/nourrissent la peau et renforcent le film hydrolipidique protecteur.<\/p>\n<p>L\u2019EAU THERMALE D\u2019AV\u00c8NE\u00a0: apaise, att\u00e9nue les sensations d&rsquo;inconfort et adoucit la peau.<\/p>\n<p>L\u2019Huile lavante laisse la peau douce, confortable et satin\u00e9e &#8211; ne pique pas les yeux &#8211; sans parfum &#8211; sans savon &#8211; Peut \u00eatre utilis\u00e9e en phase de pouss\u00e9e.<\/p>","protected":false},"featured_media":22721,"template":"","meta":{"arc_restricted_post":false},"product_cat":[329,48],"product_tag":[],"_links":{"self":[{"href":"https:\/\/www.sopha-sahara.com\/en\/wp-json\/wp\/v2\/product\/22766"}],"collection":[{"href":"https:\/\/www.sopha-sahara.com\/en\/wp-json\/wp\/v2\/product"}],"about":[{"href":"https:\/\/www.sopha-sahara.com\/en\/wp-json\/wp\/v2\/types\/product"}],"wp:featuredmedia":[{"embeddable":true,"href":"https:\/\/www.sopha-sahara.com\/en\/wp-json\/wp\/v2\/media\/22721"}],"wp:attachment":[{"href":"https:\/\/www.sopha-sahara.com\/en\/wp-json\/wp\/v2\/media?parent=22766"}],"wp:term":[{"taxonomy":"product_cat","embeddable":true,"href":"https:\/\/www.sopha-sahara.com\/en\/wp-json\/wp\/v2\/product_cat?post=22766"},{"taxonomy":"product_tag","embeddable":true,"href":"https:\/\/www.sopha-sahara.com\/en\/wp-json\/wp\/v2\/product_tag?post=22766"}],"curies":[{"name":"wp","href":"https:\/\/api.w.org\/{rel}","templated":true}]}}