{"id":22765,"date":"2020-12-14T13:01:00","date_gmt":"2020-12-14T12:01:00","guid":{"rendered":"https:\/\/www.interbusinesschamber.com\/produit\/avene-triacneal-expert-30ml\/"},"modified":"2020-12-29T14:10:23","modified_gmt":"2020-12-29T13:10:23","slug":"avene-triacneal-expert-30ml","status":"publish","type":"product","link":"https:\/\/www.sopha-sahara.com\/en\/product\/avene-triacneal-expert-30ml\/","title":{"rendered":"AVENE TRIACNEAL EXPERT 30ML"},"content":{"rendered":"<p><strong>Ses Bienfaits<\/strong><\/p>\n<p>o\u00a0\u00a0\u00a0\u00a0Anti-irritant :\u00a0L\u2019Effectiose\u00ae, innovation brevet\u00e9e, limite l\u2019afflux de substances irritantes au niveau du follicule pilo-s\u00e9bac\u00e9.<\/p>\n<p>o\u00a0\u00a0\u00a0\u00a0Purifiant :\u00a0Gr\u00e2ce \u00e0 l\u2019effet peeling de surface de l\u2019Acide glycolique.<\/p>\n<p>o\u00a0\u00a0\u00a0\u00a0Lissant :\u00a0Gr\u00e2ce au R\u00e9tinald\u00e9hyde qui limite la formation des imperfections de la peau et pr\u00e9vient l\u2019apparition de marques r\u00e9siduelles.<\/p>\n<p>o\u00a0\u00a0\u00a0\u00a0Apaisant :\u00a0L\u2019Eau thermale d\u2019Av\u00e8ne, apaisante et anti-irritante, procure \u00e0 votre peau une sensation de confort imm\u00e9diate.<\/p>\n<p><strong>Est-il fait pour moi ?<\/strong><\/p>\n<p>TriAcn\u00e9al est particuli\u00e8rement indiqu\u00e9 pour les peaux \u00e0 tendance grasse pr\u00e9sentant des imperfections s\u00e9v\u00e8res.<\/p>\n<p><strong>Le Bon Geste<\/strong><\/p>\n<p>o\u00a0\u00a0\u00a0 Nettoyez votre visage avec Cleanance Gel nettoyant sans savon et s\u00e9chez-le d\u00e9licatement.<br \/>o\u00a0\u00a0\u00a0 Appliquez TriAcn\u00e9al le soir sur une peau parfaitement s\u00e8che.<br \/>o\u00a0\u00a0\u00a0 Eviter l\u2019application au niveau du contour des yeux et des l\u00e8vres.<\/p>","protected":false},"excerpt":{"rendered":"<p>Lutte contre les imperfections s\u00e9v\u00e8res de la peau tout en la lissant.<br \/>Sans paraben.<\/p>","protected":false},"featured_media":22717,"template":"","meta":{"arc_restricted_post":false},"product_cat":[329,48],"product_tag":[],"_links":{"self":[{"href":"https:\/\/www.sopha-sahara.com\/en\/wp-json\/wp\/v2\/product\/22765"}],"collection":[{"href":"https:\/\/www.sopha-sahara.com\/en\/wp-json\/wp\/v2\/product"}],"about":[{"href":"https:\/\/www.sopha-sahara.com\/en\/wp-json\/wp\/v2\/types\/product"}],"wp:featuredmedia":[{"embeddable":true,"href":"https:\/\/www.sopha-sahara.com\/en\/wp-json\/wp\/v2\/media\/22717"}],"wp:attachment":[{"href":"https:\/\/www.sopha-sahara.com\/en\/wp-json\/wp\/v2\/media?parent=22765"}],"wp:term":[{"taxonomy":"product_cat","embeddable":true,"href":"https:\/\/www.sopha-sahara.com\/en\/wp-json\/wp\/v2\/product_cat?post=22765"},{"taxonomy":"product_tag","embeddable":true,"href":"https:\/\/www.sopha-sahara.com\/en\/wp-json\/wp\/v2\/product_tag?post=22765"}],"curies":[{"name":"wp","href":"https:\/\/api.w.org\/{rel}","templated":true}]}}