{"id":22764,"date":"2020-12-14T13:01:00","date_gmt":"2020-12-14T12:01:00","guid":{"rendered":"https:\/\/www.interbusinesschamber.com\/produit\/avene-cicalfate-mains-creme-reparatrice-isolante-100-ml\/"},"modified":"2020-12-29T12:47:44","modified_gmt":"2020-12-29T11:47:44","slug":"avene-cicalfate-mains-creme-reparatrice-isolante-100-ml","status":"publish","type":"product","link":"https:\/\/www.sopha-sahara.com\/en\/product\/avene-cicalfate-mains-creme-reparatrice-isolante-100-ml\/","title":{"rendered":"AVENE CICALFATE MAINS CR\u00c8ME R\u00c9PARATRICE ISOLANTE 100 ML"},"content":{"rendered":"","protected":false},"excerpt":{"rendered":"<ul>\n<li>R\u00e9paratrice : Le Sucralfate, actif original, favorise la r\u00e9paration de l&rsquo;\u00e9piderme.<\/li>\n<li>Assainissante : L&rsquo;association sulfate de cuivre &#8211; sulfate de zinc limite le risque de prolif\u00e9ration bact\u00e9rienne.<\/li>\n<li>Apaisante : Riche en Eau thermale d&rsquo;Av\u00e8ne, elle apaise les \u00e9pidermes fragilis\u00e9s.<\/li>\n<\/ul>\n<p>Conseils d&rsquo;utilisations:<\/p>\n<div>\n<p>Sa texture onctueuse et nutritive s&rsquo;\u00e9tale facilement. Rapidement absorb\u00e9e, transparente \u00e0 l&rsquo;application, elle forme sur la peau une barri\u00e8re isolante pour une protection \u00ab\u00a0seconde peau\u00a0\u00bb.<\/p>\n<p>Cicalfate Mains Cr\u00e8me r\u00e9paratrice isolante est destin\u00e9e aux mains tr\u00e8s s\u00e8ches, gerc\u00e9es, fendill\u00e9es, irrit\u00e9es \u00e0 la suite d&rsquo;agressions diverses (climatiques, professionnelles).<\/p>\n<div class=\"content-desktop\">\n<p>Pour toute question sur une indication en particulier, veuillez consulter au pr\u00e9alable votre m\u00e9decin.<\/p>\n<\/div>\n<\/div>","protected":false},"featured_media":22661,"template":"","meta":{"arc_restricted_post":false},"product_cat":[329,48],"product_tag":[],"_links":{"self":[{"href":"https:\/\/www.sopha-sahara.com\/en\/wp-json\/wp\/v2\/product\/22764"}],"collection":[{"href":"https:\/\/www.sopha-sahara.com\/en\/wp-json\/wp\/v2\/product"}],"about":[{"href":"https:\/\/www.sopha-sahara.com\/en\/wp-json\/wp\/v2\/types\/product"}],"wp:featuredmedia":[{"embeddable":true,"href":"https:\/\/www.sopha-sahara.com\/en\/wp-json\/wp\/v2\/media\/22661"}],"wp:attachment":[{"href":"https:\/\/www.sopha-sahara.com\/en\/wp-json\/wp\/v2\/media?parent=22764"}],"wp:term":[{"taxonomy":"product_cat","embeddable":true,"href":"https:\/\/www.sopha-sahara.com\/en\/wp-json\/wp\/v2\/product_cat?post=22764"},{"taxonomy":"product_tag","embeddable":true,"href":"https:\/\/www.sopha-sahara.com\/en\/wp-json\/wp\/v2\/product_tag?post=22764"}],"curies":[{"name":"wp","href":"https:\/\/api.w.org\/{rel}","templated":true}]}}