{"id":22763,"date":"2020-12-14T13:01:00","date_gmt":"2020-12-14T12:01:00","guid":{"rendered":"https:\/\/www.interbusinesschamber.com\/produit\/avene-gelee-gommante-douceur-75ml\/"},"modified":"2020-12-29T13:44:53","modified_gmt":"2020-12-29T12:44:53","slug":"avene-gelee-gommante-douceur-75ml","status":"publish","type":"product","link":"https:\/\/www.sopha-sahara.com\/en\/product\/avene-gelee-gommante-douceur-75ml\/","title":{"rendered":"AVENE GEL\u00c9E GOMMANTE DOUCEUR 75ML"},"content":{"rendered":"<div><strong>CONSEILS D'UTILISATION :<\/strong><\/div>\n<div>Appliquer sur peau humide. Masser doucement puis rincer abondamment. Utiliser une \u00e0 deux fois par semaine.<\/div>","protected":false},"excerpt":{"rendered":"<div>Une formule biod\u00e9gradable * respectueuse des peaux sensibles et de l&rsquo;environnement.\u00a0<\/div>\n<div>* selon la norme OECD301B<\/div>\n<div>\u00a0<\/div>\n<div>EFFET PEELING<\/div>\n<div>&#8211; Ses microbilles de cellulose et de cire de jojoba \u00e9liminent en douceur les peaux mortes.<\/div>\n<div>&#8211; Le\u00a0 niacinamide et le salicylate de sodium parfont l\u2019exfoliation m\u00e9canique r\u00e9alis\u00e9e par les microbilles ; le grain de peau est affin\u00e9, la peau plus \u00e9clatante\u00a0<\/div>\n<div>\u00a0<\/div>\n<div>EFFET DOUCEUR<\/div>\n<div>L\u2019Eau thermale d\u2019Av\u00e8ne, apaisante et anti-irritante, procure \u00e0 votre peau une sensation de confort imm\u00e9diat.<\/div>\n<div>\n<div>La gel\u00e9e gommante douceur est particuli\u00e8rement indiqu\u00e9e pour tous types de peaux et plus particuli\u00e8rement les peaux sensibles.<\/div>\n<div>\u00a0<\/div>\n<\/div>","protected":false},"featured_media":22687,"template":"","meta":{"arc_restricted_post":false},"product_cat":[329,48],"product_tag":[],"_links":{"self":[{"href":"https:\/\/www.sopha-sahara.com\/en\/wp-json\/wp\/v2\/product\/22763"}],"collection":[{"href":"https:\/\/www.sopha-sahara.com\/en\/wp-json\/wp\/v2\/product"}],"about":[{"href":"https:\/\/www.sopha-sahara.com\/en\/wp-json\/wp\/v2\/types\/product"}],"wp:featuredmedia":[{"embeddable":true,"href":"https:\/\/www.sopha-sahara.com\/en\/wp-json\/wp\/v2\/media\/22687"}],"wp:attachment":[{"href":"https:\/\/www.sopha-sahara.com\/en\/wp-json\/wp\/v2\/media?parent=22763"}],"wp:term":[{"taxonomy":"product_cat","embeddable":true,"href":"https:\/\/www.sopha-sahara.com\/en\/wp-json\/wp\/v2\/product_cat?post=22763"},{"taxonomy":"product_tag","embeddable":true,"href":"https:\/\/www.sopha-sahara.com\/en\/wp-json\/wp\/v2\/product_tag?post=22763"}],"curies":[{"name":"wp","href":"https:\/\/api.w.org\/{rel}","templated":true}]}}