{"id":22762,"date":"2020-12-14T13:01:00","date_gmt":"2020-12-14T12:01:00","guid":{"rendered":"https:\/\/www.interbusinesschamber.com\/produit\/avene-cold-cream-gel-nettoyant-surgras-250ml\/"},"modified":"2020-12-29T12:55:27","modified_gmt":"2020-12-29T11:55:27","slug":"avene-cold-cream-gel-nettoyant-surgras-250ml","status":"publish","type":"product","link":"https:\/\/www.sopha-sahara.com\/en\/product\/avene-cold-cream-gel-nettoyant-surgras-250ml\/","title":{"rendered":"AVENE COLD CREAM GEL NETTOYANT SURGRAS 250ML"},"content":{"rendered":"<p><strong>Ses Bienfaits<\/strong><\/p>\n<p>o\u00a0\u00a0\u00a0\u00a0Nettoyant :\u00a0Sans savon, ni parfum, il nettoie les peaux s\u00e8ches sans\u00a0 les agresser, tout en confort.<\/p>\n<p>o\u00a0\u00a0\u00a0\u00a0Protecteur :\u00a0Enrichi en Cold Cream, sa texture onctueuse et laiteuse laisse sur votre peau un film protecteur tr\u00e8s agr\u00e9able.<\/p>\n<p>o\u00a0\u00a0\u00a0\u00a0Apaisant :\u00a0L\u2019Eau thermale d\u2019Av\u00e8ne, apaisante et anti-irritante, procure \u00e0 votre peau une sensation de confort imm\u00e9diate.\u00a0<\/p>\n<p><strong>Est-il fait pour moi ?<\/strong><\/p>\n<p>Cold Cream Gel nettoyant surgras est particuli\u00e8rement indiqu\u00e9 pour les peaux sensibles s\u00e8ches \u00e0 tr\u00e8s s\u00e8ches.<\/p>\n<p><strong>Le Bon Geste\u00a0<\/strong><\/p>\n<p>o\u00a0\u00a0\u00a0 Utilisez Cold Cream Gel nettoyant sous la douche : il devient alors une mousse onctueuse.<\/p>","protected":false},"excerpt":{"rendered":"<p>Nettoie votre peau et la nourrit intens\u00e9ment.<br \/>Pour apporter encore plus de douceur \u00e0 l\u2019utilisation, le Gel nettoyant surgras au Cold Cream b\u00e9n\u00e9ficie d\u2019une nouvelle formule : sa texture est d\u00e9sormais plus cr\u00e9meuse, sa mousse plus fournie et il est d\u00e9licatement parfum\u00e9.<strong><br \/><\/strong><\/p>","protected":false},"featured_media":22671,"template":"","meta":{"arc_restricted_post":false},"product_cat":[329,48],"product_tag":[],"_links":{"self":[{"href":"https:\/\/www.sopha-sahara.com\/en\/wp-json\/wp\/v2\/product\/22762"}],"collection":[{"href":"https:\/\/www.sopha-sahara.com\/en\/wp-json\/wp\/v2\/product"}],"about":[{"href":"https:\/\/www.sopha-sahara.com\/en\/wp-json\/wp\/v2\/types\/product"}],"wp:featuredmedia":[{"embeddable":true,"href":"https:\/\/www.sopha-sahara.com\/en\/wp-json\/wp\/v2\/media\/22671"}],"wp:attachment":[{"href":"https:\/\/www.sopha-sahara.com\/en\/wp-json\/wp\/v2\/media?parent=22762"}],"wp:term":[{"taxonomy":"product_cat","embeddable":true,"href":"https:\/\/www.sopha-sahara.com\/en\/wp-json\/wp\/v2\/product_cat?post=22762"},{"taxonomy":"product_tag","embeddable":true,"href":"https:\/\/www.sopha-sahara.com\/en\/wp-json\/wp\/v2\/product_tag?post=22762"}],"curies":[{"name":"wp","href":"https:\/\/api.w.org\/{rel}","templated":true}]}}