{"id":22761,"date":"2020-12-14T13:01:00","date_gmt":"2020-12-14T12:01:00","guid":{"rendered":"https:\/\/www.interbusinesschamber.com\/produit\/avene-solaire-fluide-spf-50-toucher-sec\/"},"modified":"2020-12-29T14:03:23","modified_gmt":"2020-12-29T13:03:23","slug":"avene-solaire-fluide-spf-50-toucher-sec","status":"publish","type":"product","link":"https:\/\/www.sopha-sahara.com\/en\/product\/avene-solaire-fluide-spf-50-toucher-sec\/","title":{"rendered":"AVENE SOLAIRE FLUIDE SPF 50+ TOUCHER SEC"},"content":{"rendered":"","protected":false},"excerpt":{"rendered":"<p><strong>Au coeur du Fluide SPF 50+, l&rsquo;association exclusive Sunsitive\u00ae protection, issue de la Recherche Pierre Fabre :<\/strong><\/p>\n<p>1. Syst\u00e8me filtrant brevet\u00e9 contenant seulement\u00a04 FILTRES SOLAIRES\u00a0pour une tr\u00e8s large protection UVB-UVA stable et efficace dans le temps, et une tol\u00e9rance cutan\u00e9e optimale.<\/p>\n<p>2.\u00a0COMPLEXE ANTIOXYDANT UNIQUE\u00a0(Pr\u00e9-tocoph\u00e9ryl + Pro-taurine), pour une protection cellulaire globale contre le stress oxydatif.<\/p>\n<p>3.\u00a0<strong>EAU THERMALE D&rsquo;AV\u00c8NE<\/strong>, reconnue pour ses propri\u00e9t\u00e9s apaisantes, anti-irritantes et adoucissantes.<\/p>\n<p>Gr\u00e2ce \u00e0 sa texture\u00a0<strong>Sensation peau nue<\/strong>, le Fluide SPF 50+ laisse un\u00a0<strong>fini imperceptible sur la peau<\/strong>. Sa texture l\u00e9g\u00e8re offre \u00e0 la peau un fini sec et non brillant.<\/p>\n<p>Flacon-pompe airless : pratique, il permet de doser facilement la juste quantit\u00e9 de produit \u00e0 appliquer.<\/p>","protected":false},"featured_media":22708,"template":"","meta":{"arc_restricted_post":false},"product_cat":[329,48],"product_tag":[],"_links":{"self":[{"href":"https:\/\/www.sopha-sahara.com\/en\/wp-json\/wp\/v2\/product\/22761"}],"collection":[{"href":"https:\/\/www.sopha-sahara.com\/en\/wp-json\/wp\/v2\/product"}],"about":[{"href":"https:\/\/www.sopha-sahara.com\/en\/wp-json\/wp\/v2\/types\/product"}],"wp:featuredmedia":[{"embeddable":true,"href":"https:\/\/www.sopha-sahara.com\/en\/wp-json\/wp\/v2\/media\/22708"}],"wp:attachment":[{"href":"https:\/\/www.sopha-sahara.com\/en\/wp-json\/wp\/v2\/media?parent=22761"}],"wp:term":[{"taxonomy":"product_cat","embeddable":true,"href":"https:\/\/www.sopha-sahara.com\/en\/wp-json\/wp\/v2\/product_cat?post=22761"},{"taxonomy":"product_tag","embeddable":true,"href":"https:\/\/www.sopha-sahara.com\/en\/wp-json\/wp\/v2\/product_tag?post=22761"}],"curies":[{"name":"wp","href":"https:\/\/api.w.org\/{rel}","templated":true}]}}