{"id":22758,"date":"2020-12-14T13:00:57","date_gmt":"2020-12-14T12:00:57","guid":{"rendered":"https:\/\/www.interbusinesschamber.com\/produit\/avene-solaire-spray-spf-50-enfant-200ml\/"},"modified":"2020-12-29T14:03:54","modified_gmt":"2020-12-29T13:03:54","slug":"avene-solaire-spray-spf-50-enfant-200ml","status":"publish","type":"product","link":"https:\/\/www.sopha-sahara.com\/en\/product\/avene-solaire-spray-spf-50-enfant-200ml\/","title":{"rendered":"AVENE SOLAIRE SPRAY SPF 50+ ENFANT 200ML"},"content":{"rendered":"<p><strong>Ses atouts<\/strong><\/p>\n<p>o\u00a0\u00a0\u00a0 R\u00e9pond \u00e0 toutes les exigences : efficacit\u00e9, qualit\u00e9, plaisir et fiabilit\u00e9.<br \/>o\u00a0\u00a0\u00a0 B\u00e9n\u00e9ficie de l\u2019association exclusive d\u2019actifs \u00ab SunSitive protection\u00ae \u00bb issue de la Recherche du Groupe Pierre Fabre:\u00a0\u00a0\u00a0\u00a0\u00a0\u00a0<br \/>* Complexe d\u2019actifs photoprotecteurs compl\u00e9mentaires et synergiques garantissant un minimum de filtres chimiques dans les formules.<br \/>* Pr\u00e9-tocoph\u00e9ryl, pr\u00e9curseur photostable de la vitamine E, apporte une protection cellulaire compl\u00e9mentaire.\u00a0<br \/>* Eau thermale Av\u00e8ne aux propri\u00e9t\u00e9s naturellement apaisantes et anti-irritantes.\u00a0<br \/>o\u00a0\u00a0\u00a0 Offre une texture l\u00e9g\u00e8re, invisible et non grasse qui rend son application particuli\u00e8rement agr\u00e9able.\u00a0<br \/>o\u00a0\u00a0\u00a0 Conditionnement inviolable.<\/p>\n<p><strong>Pour qui est-il fait ?<\/strong><\/p>\n<p>Tr\u00e8s haute protection de la peau sensible du visage et du corps de l\u2019enfant.<br \/>o\u00a0\u00a0\u00a0 Phototypes I et II<br \/>(peaux tr\u00e8s claires et laiteuses \u2013 cheveux blonds, roux).<br \/>o\u00a0\u00a0\u00a0 Peaux hypersensibles au soleil.<br \/>o\u00a0\u00a0\u00a0 Peaux toujours sujettes aux coups de soleil.<br \/>o\u00a0\u00a0\u00a0 Toute peau expos\u00e9e \u00e0 un ensoleillement intense.<br \/>o\u00a0\u00a0\u00a0 La version \u00ab sans parfum \u00bb est \u00e9galement recommand\u00e9e pour les peaux sensibles allergiques aux parfums.<\/p>\n<p><strong>Le bon geste<\/strong>\u00a0<\/p>\n<p>o\u00a0\u00a0\u00a0 Avant toute exposition au soleil, appliquer uniform\u00e9ment sur la peau.<br \/>o\u00a0\u00a0\u00a0 Renouveler fr\u00e9quemment l\u2019application en cas d\u2019expositions prolong\u00e9es et apr\u00e8s chaque bain.\u00a0<br \/>o\u00a0\u00a0\u00a0 L\u2019utilisation de ce produit ne doit pas inciter \u00e0 s\u2019exposer longtemps au soleil.<br \/>o\u00a0\u00a0\u00a0 \u00c9viter l\u2019exposition entre 12h et 16h.<br \/>o\u00a0\u00a0\u00a0 Les coups de soleil sont dangereux, surtout chez l\u2019enfant.<\/p>","protected":false},"excerpt":{"rendered":"<p>Tr\u00e8s haute protection de la peau sensible de l\u2019enfant.<br \/>Efficace contre les UVB-UVA longs et courts.<br \/>Sans parfum. Sans paraben. Certifi\u00e9 UVA conforme. TRES r\u00e9sistant \u00e0 l\u2019eau. 100% photostable.<\/p>","protected":false},"featured_media":22709,"template":"","meta":{"arc_restricted_post":false},"product_cat":[329,48],"product_tag":[],"_links":{"self":[{"href":"https:\/\/www.sopha-sahara.com\/en\/wp-json\/wp\/v2\/product\/22758"}],"collection":[{"href":"https:\/\/www.sopha-sahara.com\/en\/wp-json\/wp\/v2\/product"}],"about":[{"href":"https:\/\/www.sopha-sahara.com\/en\/wp-json\/wp\/v2\/types\/product"}],"wp:featuredmedia":[{"embeddable":true,"href":"https:\/\/www.sopha-sahara.com\/en\/wp-json\/wp\/v2\/media\/22709"}],"wp:attachment":[{"href":"https:\/\/www.sopha-sahara.com\/en\/wp-json\/wp\/v2\/media?parent=22758"}],"wp:term":[{"taxonomy":"product_cat","embeddable":true,"href":"https:\/\/www.sopha-sahara.com\/en\/wp-json\/wp\/v2\/product_cat?post=22758"},{"taxonomy":"product_tag","embeddable":true,"href":"https:\/\/www.sopha-sahara.com\/en\/wp-json\/wp\/v2\/product_tag?post=22758"}],"curies":[{"name":"wp","href":"https:\/\/api.w.org\/{rel}","templated":true}]}}