{"id":22757,"date":"2020-12-14T13:00:57","date_gmt":"2020-12-14T12:00:57","guid":{"rendered":"https:\/\/www.interbusinesschamber.com\/produit\/avene-cold-cream-mains-50ml\/"},"modified":"2020-12-29T12:54:44","modified_gmt":"2020-12-29T11:54:44","slug":"avene-cold-cream-mains-50ml","status":"publish","type":"product","link":"https:\/\/www.sopha-sahara.com\/en\/product\/avene-cold-cream-mains-50ml\/","title":{"rendered":"AVENE COLD CREAM MAINS 50ML"},"content":{"rendered":"<p><strong>Ses Bienfaits<\/p>\n<p><\/strong>o\u00a0\u00a0\u00a0\u00a0Nutritive :\u00a0Riche en Cold Cream, cette cr\u00e8me onctueuse procure un grand moment de confort \u00e0 vos mains, d\u00e8s son application et sans effet gras.<\/p>\n<p>o\u00a0\u00a0\u00a0\u00a0R\u00e9paratrice :\u00a0Gr\u00e2ce \u00e0 son actif le sucralfate, elle r\u00e9g\u00e9n\u00e8re la peau.<\/p>\n<p>o\u00a0\u00a0\u00a0\u00a0Apaisante :\u00a0L\u2019Eau thermale d\u2019Av\u00e8ne, apaisante et anti-irritante, procure \u00e0 votre peau une sensation de confort imm\u00e9diate.<\/p>\n<p><strong>Est-elle faite pour moi ?<\/strong><\/p>\n<p>Cold Cream Cr\u00e8me mains est particuli\u00e8rement indiqu\u00e9e pour les mains dess\u00e9ch\u00e9es ou abim\u00e9es par des agents climatiques ou m\u00e9nagers.<\/p>\n<p>&nbsp;<\/p>\n<p><strong>Le Bon Geste<\/strong><\/p>\n<p>o\u00a0\u00a0\u00a0 Appliquez le soin chaque fois que vous en ressentez le besoin.<\/p>","protected":false},"excerpt":{"rendered":"<p class=\"Text3 av-text-content\"><strong>Hydrate* et prot\u00e8ge durablement vos mains.<\/p>\n<p><em>* Couches sup\u00e9rieures de la peau<\/em><\/strong><\/p>\n<div class=\"av-text-content\">\n<p>&nbsp;<\/p>\n<\/div>","protected":false},"featured_media":22672,"template":"","meta":{"arc_restricted_post":false},"product_cat":[329,48],"product_tag":[],"_links":{"self":[{"href":"https:\/\/www.sopha-sahara.com\/en\/wp-json\/wp\/v2\/product\/22757"}],"collection":[{"href":"https:\/\/www.sopha-sahara.com\/en\/wp-json\/wp\/v2\/product"}],"about":[{"href":"https:\/\/www.sopha-sahara.com\/en\/wp-json\/wp\/v2\/types\/product"}],"wp:featuredmedia":[{"embeddable":true,"href":"https:\/\/www.sopha-sahara.com\/en\/wp-json\/wp\/v2\/media\/22672"}],"wp:attachment":[{"href":"https:\/\/www.sopha-sahara.com\/en\/wp-json\/wp\/v2\/media?parent=22757"}],"wp:term":[{"taxonomy":"product_cat","embeddable":true,"href":"https:\/\/www.sopha-sahara.com\/en\/wp-json\/wp\/v2\/product_cat?post=22757"},{"taxonomy":"product_tag","embeddable":true,"href":"https:\/\/www.sopha-sahara.com\/en\/wp-json\/wp\/v2\/product_tag?post=22757"}],"curies":[{"name":"wp","href":"https:\/\/api.w.org\/{rel}","templated":true}]}}