{"id":22756,"date":"2020-12-14T13:00:57","date_gmt":"2020-12-14T12:00:57","guid":{"rendered":"https:\/\/www.interbusinesschamber.com\/produit\/avene-cold-cream-stick-levres-4g\/"},"modified":"2020-12-29T12:58:27","modified_gmt":"2020-12-29T11:58:27","slug":"avene-cold-cream-stick-levres-4g","status":"publish","type":"product","link":"https:\/\/www.sopha-sahara.com\/en\/product\/avene-cold-cream-stick-levres-4g\/","title":{"rendered":"AVENE COLD CREAM STICK LEVRES 4G"},"content":{"rendered":"<p><strong>Ses Bienfaits<\/strong><\/p>\n<p>o\u00a0\u00a0\u00a0\u00a0Nutritif :\u00a0Riche en Cold Cream, ce stick onctueux et couvrant nourrit et prot\u00e8ge vos l\u00e8vres.<\/p>\n<p>o\u00a0\u00a0\u00a0\u00a0R\u00e9parateur :\u00a0Gr\u00e2ce \u00e0 son actif le Sucralfate, il r\u00e9g\u00e9n\u00e8re les muqueuses.<\/p>\n<p>o\u00a0\u00a0\u00a0\u00a0Apaisant :\u00a0L\u2019Eau thermale d\u2019Av\u00e8ne, apaisante et anti-irritante, procure \u00e0 votre peau une sensation de confort imm\u00e9diate.<\/p>\n<p><strong>Est-il fait pour moi ?<\/strong><\/p>\n<p>Cold Cream Stick L\u00e8vres est particuli\u00e8rement indiqu\u00e9 pour les l\u00e8vres l\u00e9g\u00e8rement dess\u00e9ch\u00e9es.<\/p>\n<p><strong>Le Bon Geste\u00a0<\/strong><\/p>\n<p>o\u00a0\u00a0\u00a0 Utilisez chaque fois que vous en ressentez le besoin.<\/p>","protected":false},"excerpt":{"rendered":"<p><strong>Nourrit, restructure et prot\u00e8ge vos l\u00e8vres.<\/strong><\/p>","protected":false},"featured_media":22673,"template":"","meta":{"arc_restricted_post":false},"product_cat":[329,48],"product_tag":[],"_links":{"self":[{"href":"https:\/\/www.sopha-sahara.com\/en\/wp-json\/wp\/v2\/product\/22756"}],"collection":[{"href":"https:\/\/www.sopha-sahara.com\/en\/wp-json\/wp\/v2\/product"}],"about":[{"href":"https:\/\/www.sopha-sahara.com\/en\/wp-json\/wp\/v2\/types\/product"}],"wp:featuredmedia":[{"embeddable":true,"href":"https:\/\/www.sopha-sahara.com\/en\/wp-json\/wp\/v2\/media\/22673"}],"wp:attachment":[{"href":"https:\/\/www.sopha-sahara.com\/en\/wp-json\/wp\/v2\/media?parent=22756"}],"wp:term":[{"taxonomy":"product_cat","embeddable":true,"href":"https:\/\/www.sopha-sahara.com\/en\/wp-json\/wp\/v2\/product_cat?post=22756"},{"taxonomy":"product_tag","embeddable":true,"href":"https:\/\/www.sopha-sahara.com\/en\/wp-json\/wp\/v2\/product_tag?post=22756"}],"curies":[{"name":"wp","href":"https:\/\/api.w.org\/{rel}","templated":true}]}}