{"id":22755,"date":"2020-12-14T13:00:57","date_gmt":"2020-12-14T12:00:57","guid":{"rendered":"https:\/\/www.interbusinesschamber.com\/produit\/avene-ystheal-emulsion-30ml\/"},"modified":"2020-12-29T14:13:46","modified_gmt":"2020-12-29T13:13:46","slug":"avene-ystheal-emulsion-30ml","status":"publish","type":"product","link":"https:\/\/www.sopha-sahara.com\/en\/product\/avene-ystheal-emulsion-30ml\/","title":{"rendered":"AVENE YSTHEAL+ EMULSION 30ML"},"content":{"rendered":"<p><strong>Ses Bienfaits<\/strong><\/p>\n<p>o\u00a0\u00a0\u00a0\u00a0Anti-\u00e2ge :\u00a0Le R\u00e9tinald\u00e9hyde, un principe actif brevet\u00e9, relance le dynamisme cellulaire de votre peau en fournissant aux cellules le plein d\u2019\u00e9nergie dont elles ont besoin.<\/p>\n<p>o\u00a0\u00a0\u00a0\u00a0Anti-oxydante :\u00a0Le Pr\u00e9-Tocoph\u00e9ryl, un puissant agent anti-oxydant, forme un bouclier contre les m\u00e9faits des radicaux libres.<\/p>\n<p>o\u00a0\u00a0\u00a0\u00a0Apaisante :\u00a0L\u2019Eau thermale d\u2019Av\u00e8ne, apaisante et anti-irritante, procure \u00e0 votre peau une sensation de confort imm\u00e9diate.<\/p>\n<p><strong>Est-elle faite pour moi ?<\/strong><\/p>\n<p>Ysth\u00e9al+ Emulsion est particuli\u00e8rement indiqu\u00e9e pour les premi\u00e8res rides et perte d\u2019\u00e9clat des peaux normales et mixtes.<\/p>\n<p><strong>Le Bon Geste<\/strong><\/p>\n<p>o\u00a0\u00a0\u00a0 Nettoyez et d\u00e9maquillez d\u2019abord soigneusement votre visage et votre cou.<br \/>o\u00a0\u00a0\u00a0 Appliquez en petite quantit\u00e9 le soir.<\/p>","protected":false},"excerpt":{"rendered":"<p>Pr\u00e9vient et corrige les premi\u00e8res rides et redonne de l\u2019\u00e9clat \u00e0 la peau.<\/p>","protected":false},"featured_media":22723,"template":"","meta":{"arc_restricted_post":false},"product_cat":[329,48],"product_tag":[],"_links":{"self":[{"href":"https:\/\/www.sopha-sahara.com\/en\/wp-json\/wp\/v2\/product\/22755"}],"collection":[{"href":"https:\/\/www.sopha-sahara.com\/en\/wp-json\/wp\/v2\/product"}],"about":[{"href":"https:\/\/www.sopha-sahara.com\/en\/wp-json\/wp\/v2\/types\/product"}],"wp:featuredmedia":[{"embeddable":true,"href":"https:\/\/www.sopha-sahara.com\/en\/wp-json\/wp\/v2\/media\/22723"}],"wp:attachment":[{"href":"https:\/\/www.sopha-sahara.com\/en\/wp-json\/wp\/v2\/media?parent=22755"}],"wp:term":[{"taxonomy":"product_cat","embeddable":true,"href":"https:\/\/www.sopha-sahara.com\/en\/wp-json\/wp\/v2\/product_cat?post=22755"},{"taxonomy":"product_tag","embeddable":true,"href":"https:\/\/www.sopha-sahara.com\/en\/wp-json\/wp\/v2\/product_tag?post=22755"}],"curies":[{"name":"wp","href":"https:\/\/api.w.org\/{rel}","templated":true}]}}