{"id":22753,"date":"2020-12-14T13:00:56","date_gmt":"2020-12-14T12:00:56","guid":{"rendered":"https:\/\/www.interbusinesschamber.com\/produit\/avene-cleanance-hydra-creme-lavante-200ml\/"},"modified":"2020-12-31T11:01:41","modified_gmt":"2020-12-31T10:01:41","slug":"avene-cleanance-hydra-creme-lavante-200ml","status":"publish","type":"product","link":"https:\/\/www.sopha-sahara.com\/en\/product\/avene-cleanance-hydra-creme-lavante-200ml\/","title":{"rendered":"AVENE CLEANANCE HYDRA CR\u00c8ME LAVANTE 200ML"},"content":{"rendered":"<p><strong>Le Bon Geste<\/strong><\/p>\n<p>o\u00a0\u00a0\u00a0 Humidifiez la peau de votre visage.<br \/>o\u00a0\u00a0\u00a0 Appliquez et faites mousser la cr\u00e8me.<br \/>o\u00a0\u00a0\u00a0 Rincez abondamment et s\u00e9chez d\u00e9licatement \u00e0 l\u2019aide d\u2019une serviette propre.<\/p>","protected":false},"excerpt":{"rendered":"<p>Clean-Ac Cr\u00e8me lavante est particuli\u00e8rement indiqu\u00e9e pour les peaux jeunes \u00e0 probl\u00e8mes irrit\u00e9es par les traitements dess\u00e9chants.<\/p>","protected":false},"featured_media":22667,"template":"","meta":{"arc_restricted_post":false},"product_cat":[329,48],"product_tag":[],"_links":{"self":[{"href":"https:\/\/www.sopha-sahara.com\/en\/wp-json\/wp\/v2\/product\/22753"}],"collection":[{"href":"https:\/\/www.sopha-sahara.com\/en\/wp-json\/wp\/v2\/product"}],"about":[{"href":"https:\/\/www.sopha-sahara.com\/en\/wp-json\/wp\/v2\/types\/product"}],"wp:featuredmedia":[{"embeddable":true,"href":"https:\/\/www.sopha-sahara.com\/en\/wp-json\/wp\/v2\/media\/22667"}],"wp:attachment":[{"href":"https:\/\/www.sopha-sahara.com\/en\/wp-json\/wp\/v2\/media?parent=22753"}],"wp:term":[{"taxonomy":"product_cat","embeddable":true,"href":"https:\/\/www.sopha-sahara.com\/en\/wp-json\/wp\/v2\/product_cat?post=22753"},{"taxonomy":"product_tag","embeddable":true,"href":"https:\/\/www.sopha-sahara.com\/en\/wp-json\/wp\/v2\/product_tag?post=22753"}],"curies":[{"name":"wp","href":"https:\/\/api.w.org\/{rel}","templated":true}]}}