{"id":22752,"date":"2020-12-14T13:00:56","date_gmt":"2020-12-14T12:00:56","guid":{"rendered":"https:\/\/www.interbusinesschamber.com\/produit\/avene-cleanance-comedomed-30ml-serviette-offerte\/"},"modified":"2020-12-29T12:46:28","modified_gmt":"2020-12-29T11:46:28","slug":"avene-cleanance-comedomed-30ml-serviette-offerte","status":"publish","type":"product","link":"https:\/\/www.sopha-sahara.com\/en\/product\/avene-cleanance-comedomed-30ml-serviette-offerte\/","title":{"rendered":"AVENE CLEANANCE COMEDOMED 30ML + SERVIETTE OFFERTE"},"content":{"rendered":"<h4 class=\"tabs-title\">Conseils d'utilisation<\/h4>\n<div class=\"std new-std\">\n<p>Matin et soir, appliquez une noisette du Concentr\u00e9 Anti-Imperfections Comedomed d'AVENE sur l'ensemble du visage. Massez avec des mouvements amples et d\u00e9licats jusqu'\u00e0 absorption du produit.<\/p>\n<p>Vous pouvez compl\u00e9ter votre routine en utilisant le Gel Nettoyant Cleanance avant votre soin, ainsi que la Cr\u00e8me Solaire SPF50+ Cleanance si vous pr\u00e9voyez une exposition au soleil.<\/p>\n<\/div>","protected":false},"excerpt":{"rendered":"<p>Face aux boutons et points noirs, un soin traitant n&rsquo;est pas suffisant. Le Concentr\u00e9 anti-imperfections Comedomed d&rsquo;AVENE offre une double action : d&rsquo;une part, il lutte contre les boutons et points noirs d\u00e9j\u00e0 pr\u00e9sents, et d&rsquo;autre part, il pr\u00e9vient leur apparition future. Les effets des deux soins combin\u00e9s sont visibiles en 7 jours et les risques de r\u00e9cidives sont att\u00e9nu\u00e9s.<\/p>\n<p>Sa texture non-grasse permet une absorption rapide et une peau \u00e0 l&rsquo;apparence mate.<\/p>","protected":false},"featured_media":22662,"template":"","meta":{"arc_restricted_post":false},"product_cat":[329,48],"product_tag":[],"_links":{"self":[{"href":"https:\/\/www.sopha-sahara.com\/en\/wp-json\/wp\/v2\/product\/22752"}],"collection":[{"href":"https:\/\/www.sopha-sahara.com\/en\/wp-json\/wp\/v2\/product"}],"about":[{"href":"https:\/\/www.sopha-sahara.com\/en\/wp-json\/wp\/v2\/types\/product"}],"wp:featuredmedia":[{"embeddable":true,"href":"https:\/\/www.sopha-sahara.com\/en\/wp-json\/wp\/v2\/media\/22662"}],"wp:attachment":[{"href":"https:\/\/www.sopha-sahara.com\/en\/wp-json\/wp\/v2\/media?parent=22752"}],"wp:term":[{"taxonomy":"product_cat","embeddable":true,"href":"https:\/\/www.sopha-sahara.com\/en\/wp-json\/wp\/v2\/product_cat?post=22752"},{"taxonomy":"product_tag","embeddable":true,"href":"https:\/\/www.sopha-sahara.com\/en\/wp-json\/wp\/v2\/product_tag?post=22752"}],"curies":[{"name":"wp","href":"https:\/\/api.w.org\/{rel}","templated":true}]}}