{"id":22751,"date":"2020-12-14T13:00:56","date_gmt":"2020-12-14T12:00:56","guid":{"rendered":"https:\/\/www.interbusinesschamber.com\/produit\/avene-masque-apaisant-hydratant-50ml\/"},"modified":"2020-12-29T13:52:22","modified_gmt":"2020-12-29T12:52:22","slug":"avene-masque-apaisant-hydratant-50ml","status":"publish","type":"product","link":"https:\/\/www.sopha-sahara.com\/en\/product\/avene-masque-apaisant-hydratant-50ml\/","title":{"rendered":"AVENE MASQUE APAISANT HYDRATANT 50ML"},"content":{"rendered":"<p><strong>Ses Bienfaits<\/strong><\/p>\n<p>Hydratant* :\u00a0Les \u00e9l\u00e9ments hydratants de sa formule reconstituent la barri\u00e8re cutan\u00e9e et favorisent une hydratation optimale de la peau.<\/p>\n<p>Nutritif :\u00a0Gr\u00e2ce \u00e0 l\u2019Huile de Carthame.<\/p>\n<p>Apaisant :\u00a0L\u2019Eau thermale d\u2019Av\u00e8ne, apaisante et anti-irritante procure \u00e0 votre peau une sensation de confort imm\u00e9diate.<\/p>\n<p><em>* Couches sup\u00e9rieures de\u00a0 la peau<\/em><\/p>\n<p><strong>Est-il fait pour moi ?<\/strong><\/p>\n<p>Le Masque apaisant hydratant est particuli\u00e8rement indiqu\u00e9 en cas de coup de soleil, de rougeurs diffuses, de tiraillements ou d\u2019irritation de la peau, de peau d\u00e9shydrat\u00e9e, terne ou sensible.<\/p>\n<p><strong>Le Bon Geste<\/strong><\/p>\n<p>o\u00a0\u00a0\u00a0 Appliquez le masque en couche \u00e9paisse sur le visage.<br \/>o\u00a0\u00a0\u00a0 Laissez agir pendant 10 \u00e0 15 minutes.<br \/>o\u00a0\u00a0\u00a0 Enlevez l\u2019exc\u00e9dent avec un coton d\u00e9maquillant.<br \/>o\u00a0\u00a0\u00a0 Compl\u00e9tez ensuite avec une fine pulv\u00e9risation d\u2019Eau thermale d\u2019Av\u00e8ne.<\/p>","protected":false},"excerpt":{"rendered":"<p>V\u00e9ritable bain d\u2019hydratation, il laisse la peau \u00e9clatante de beaut\u00e9.<br \/>Sans paraben.<\/p>","protected":false},"featured_media":22695,"template":"","meta":{"arc_restricted_post":false},"product_cat":[329,48],"product_tag":[],"_links":{"self":[{"href":"https:\/\/www.sopha-sahara.com\/en\/wp-json\/wp\/v2\/product\/22751"}],"collection":[{"href":"https:\/\/www.sopha-sahara.com\/en\/wp-json\/wp\/v2\/product"}],"about":[{"href":"https:\/\/www.sopha-sahara.com\/en\/wp-json\/wp\/v2\/types\/product"}],"wp:featuredmedia":[{"embeddable":true,"href":"https:\/\/www.sopha-sahara.com\/en\/wp-json\/wp\/v2\/media\/22695"}],"wp:attachment":[{"href":"https:\/\/www.sopha-sahara.com\/en\/wp-json\/wp\/v2\/media?parent=22751"}],"wp:term":[{"taxonomy":"product_cat","embeddable":true,"href":"https:\/\/www.sopha-sahara.com\/en\/wp-json\/wp\/v2\/product_cat?post=22751"},{"taxonomy":"product_tag","embeddable":true,"href":"https:\/\/www.sopha-sahara.com\/en\/wp-json\/wp\/v2\/product_tag?post=22751"}],"curies":[{"name":"wp","href":"https:\/\/api.w.org\/{rel}","templated":true}]}}