{"id":22749,"date":"2020-12-14T13:00:56","date_gmt":"2020-12-14T12:00:56","guid":{"rendered":"https:\/\/www.interbusinesschamber.com\/produit\/avene-hydrance-optimale-uv-riche-40ml\/"},"modified":"2020-12-29T13:49:02","modified_gmt":"2020-12-29T12:49:02","slug":"avene-hydrance-optimale-uv-riche-40ml","status":"publish","type":"product","link":"https:\/\/www.sopha-sahara.com\/en\/product\/avene-hydrance-optimale-uv-riche-40ml\/","title":{"rendered":"AVENE HYDRANCE OPTIMALE UV RICHE 40ML"},"content":{"rendered":"<p><strong>Ses Bienfaits<\/strong><\/p>\n<p>o\u00a0Protectrice :\u00a0Ses agents photoprotecteurs (SPF20) prot\u00e8gent votre peau des agressions du soleil qui la vieillissent pr\u00e9matur\u00e9ment.<\/p>\n<p>o\u00a0Hydratante* :\u00a0Ses agents hydratants optimisent, de surcro\u00eet, la p\u00e9n\u00e9tration et la diffusion de l\u2019Eau thermale d\u2019Av\u00e8ne dans la peau et contr\u00f4lent la perte insensible en eau.<\/p>\n<p>o\u00a0Apaisante :\u00a0Enrichie en Eau thermale d\u2019Av\u00e8ne, apaisante et anti-irritante, elle enveloppe votre peau d\u2019un voile de douceur.<\/p>\n<p><em>* Couches sup\u00e9rieures de la peau<\/em><\/p>\n<p><strong>Est-elle faite pour moi ?<\/strong><\/p>\n<p>Hydrance OPTIMALE UV riche est particuli\u00e8rement indiqu\u00e9e pour les peaux sensibles s\u00e8ches ou tr\u00e8s s\u00e8ches.<\/p>\n<p>&nbsp;<\/p>\n<p><strong>Le Bon Geste<\/strong><\/p>\n<p>Appliquez le matin ou le soir sur une peau parfaitement propre et s\u00e8che.<\/p>","protected":false},"excerpt":{"rendered":"<p>Hydrate* et prot\u00e8ge votre peau du soleil. Sa texture fondante et onctueuse apporte \u00e0 votre peau un infini confort.<\/p>","protected":false},"featured_media":22692,"template":"","meta":{"arc_restricted_post":false},"product_cat":[329,48],"product_tag":[],"_links":{"self":[{"href":"https:\/\/www.sopha-sahara.com\/en\/wp-json\/wp\/v2\/product\/22749"}],"collection":[{"href":"https:\/\/www.sopha-sahara.com\/en\/wp-json\/wp\/v2\/product"}],"about":[{"href":"https:\/\/www.sopha-sahara.com\/en\/wp-json\/wp\/v2\/types\/product"}],"wp:featuredmedia":[{"embeddable":true,"href":"https:\/\/www.sopha-sahara.com\/en\/wp-json\/wp\/v2\/media\/22692"}],"wp:attachment":[{"href":"https:\/\/www.sopha-sahara.com\/en\/wp-json\/wp\/v2\/media?parent=22749"}],"wp:term":[{"taxonomy":"product_cat","embeddable":true,"href":"https:\/\/www.sopha-sahara.com\/en\/wp-json\/wp\/v2\/product_cat?post=22749"},{"taxonomy":"product_tag","embeddable":true,"href":"https:\/\/www.sopha-sahara.com\/en\/wp-json\/wp\/v2\/product_tag?post=22749"}],"curies":[{"name":"wp","href":"https:\/\/api.w.org\/{rel}","templated":true}]}}