{"id":22748,"date":"2020-12-14T13:00:56","date_gmt":"2020-12-14T12:00:56","guid":{"rendered":"https:\/\/www.interbusinesschamber.com\/produit\/avene-hydrance-optimale-uv-legere-40ml\/"},"modified":"2020-12-29T13:48:32","modified_gmt":"2020-12-29T12:48:32","slug":"avene-hydrance-optimale-uv-legere-40ml","status":"publish","type":"product","link":"https:\/\/www.sopha-sahara.com\/en\/product\/avene-hydrance-optimale-uv-legere-40ml\/","title":{"rendered":"AVENE HYDRANCE OPTIMALE UV LEGERE 40ML"},"content":{"rendered":"<p><strong>Ses Bienfaits<\/strong><\/p>\n<p>o\u00a0Purifiante :\u00a0Ses capsules s\u00e9boabsorbantes retiennent le s\u00e9bum et matifient votre teint.<\/p>\n<p>o\u00a0Protectrice :\u00a0Ses actifs photoprotecteurs (SPF30) prot\u00e8gent votre peau des agressions du soleil qui la vieillissent pr\u00e9matur\u00e9ment.<\/p>\n<p>o\u00a0Hydratante* :\u00a0Ses agents hydratants optimisent, de surcro\u00eet, la p\u00e9n\u00e9tration et la diffusion de l\u2019Eau thermale d\u2019Av\u00e8ne dans la peau et contr\u00f4lent la perte insensible en eau.<\/p>\n<p>o\u00a0Apaisante :\u00a0Enrichie en Eau thermale d\u2019Av\u00e8ne, apaisante et anti-irritante, elle enveloppe votre peau d\u2019un voile de douceur.<\/p>\n<p><em>* Couches sup\u00e9rieures de la peau<\/em><\/p>\n<p><strong>Est-elle faite pour moi ?<\/strong><\/p>\n<p>Hydrance Optimale UV l\u00e9g\u00e8re est particuli\u00e8rement indiqu\u00e9e pour les peaux sensibles normales \u00e0 mixtes.<\/p>\n<p><strong>Le Bon Geste<\/strong><\/p>\n<p>&nbsp;<\/p>\n<p>o\u00a0\u00a0\u00a0 Appliquez le matin ou le soir sur une peau parfaitement propre et s\u00e8che.<\/p>","protected":false},"excerpt":{"rendered":"<p>Hydrate votre peau tout en la prot\u00e9geant du soleil.<\/p>\n<p>Votre peau est confortable, matifi\u00e9e et l\u00e9g\u00e8rement poudr\u00e9e.<\/p>","protected":false},"featured_media":22691,"template":"","meta":{"arc_restricted_post":false},"product_cat":[329,48],"product_tag":[],"_links":{"self":[{"href":"https:\/\/www.sopha-sahara.com\/en\/wp-json\/wp\/v2\/product\/22748"}],"collection":[{"href":"https:\/\/www.sopha-sahara.com\/en\/wp-json\/wp\/v2\/product"}],"about":[{"href":"https:\/\/www.sopha-sahara.com\/en\/wp-json\/wp\/v2\/types\/product"}],"wp:featuredmedia":[{"embeddable":true,"href":"https:\/\/www.sopha-sahara.com\/en\/wp-json\/wp\/v2\/media\/22691"}],"wp:attachment":[{"href":"https:\/\/www.sopha-sahara.com\/en\/wp-json\/wp\/v2\/media?parent=22748"}],"wp:term":[{"taxonomy":"product_cat","embeddable":true,"href":"https:\/\/www.sopha-sahara.com\/en\/wp-json\/wp\/v2\/product_cat?post=22748"},{"taxonomy":"product_tag","embeddable":true,"href":"https:\/\/www.sopha-sahara.com\/en\/wp-json\/wp\/v2\/product_tag?post=22748"}],"curies":[{"name":"wp","href":"https:\/\/api.w.org\/{rel}","templated":true}]}}