{"id":22746,"date":"2020-12-14T13:00:56","date_gmt":"2020-12-14T12:00:56","guid":{"rendered":"https:\/\/www.interbusinesschamber.com\/produit\/avene-cicalfate-emulsion-reparatrice-post-acte-40ml\/"},"modified":"2020-12-29T12:39:40","modified_gmt":"2020-12-29T11:39:40","slug":"avene-cicalfate-emulsion-reparatrice-post-acte-40ml","status":"publish","type":"product","link":"https:\/\/www.sopha-sahara.com\/en\/product\/avene-cicalfate-emulsion-reparatrice-post-acte-40ml\/","title":{"rendered":"AVENE CICALFATE \u00c9MULSION R\u00c9PARATRICE POST-ACTE 40ML"},"content":{"rendered":"<div class=\"title-border\">\n<h4 class=\"h2\">Conseils d'utilisation<\/h4>\n<\/div>\n<div class=\"std\">\n<p>Appliquez au moins 2 fois par jour sur une peau nettoy\u00e9e et s\u00e9ch\u00e9e, juste apr\u00e8s l'acte dermatologique et jusqu'a r\u00e9paration compl\u00e8te de la peau.<\/p>\n<div class=\"title-border\">\n<h4 class=\"h2\">Composition\u00a0<\/h4>\n<\/div>\n<p>AVENE THERMAL SPRING WATER (AVENE AQUA). ETHYLHEXYL PALMITATE. CETEARYL ALCOHOL. TRIETHYLHEXANOIN. ALUMINUM SUCROSE OCTASULFATE. GLYCERIN. CETEARYL GLUCOSIDE. DIMETHICONE. BENZOIC ACID. CAPRYLYL GLYCOL. COPPER SULFATE. DISODIUM EDTA. GLYCERYL STEARATE. PEG-100 STEARATE. SCLEROTIUM GUM. SODIUM HYDROXIDE. TOCOPHERYL ACETATE. WATER (AQUA). ZINC SULFATE.<\/p>\n<\/div>","protected":false},"excerpt":{"rendered":"<p>Un produit sp\u00e9cifiquement adapt\u00e9 pour apaiser les irritations, rougeurs, \u00e9chauffements de la peau de l\u2019adulte, suivant un acte dermatologique superficiel.<br \/>Une \u00e9mulsion l\u00e9g\u00e8re dont la texture non grasse et non collante s\u2019applique ais\u00e9ment, m\u00eame sur la peau irrit\u00e9e par l\u2019acte dermatologique.<br \/>Une formule transparente apr\u00e8s l\u2019application.<br \/>Tr\u00e8s bien tol\u00e9r\u00e9e.<\/p>","protected":false},"featured_media":22660,"template":"","meta":{"arc_restricted_post":false},"product_cat":[329,48],"product_tag":[],"_links":{"self":[{"href":"https:\/\/www.sopha-sahara.com\/en\/wp-json\/wp\/v2\/product\/22746"}],"collection":[{"href":"https:\/\/www.sopha-sahara.com\/en\/wp-json\/wp\/v2\/product"}],"about":[{"href":"https:\/\/www.sopha-sahara.com\/en\/wp-json\/wp\/v2\/types\/product"}],"wp:featuredmedia":[{"embeddable":true,"href":"https:\/\/www.sopha-sahara.com\/en\/wp-json\/wp\/v2\/media\/22660"}],"wp:attachment":[{"href":"https:\/\/www.sopha-sahara.com\/en\/wp-json\/wp\/v2\/media?parent=22746"}],"wp:term":[{"taxonomy":"product_cat","embeddable":true,"href":"https:\/\/www.sopha-sahara.com\/en\/wp-json\/wp\/v2\/product_cat?post=22746"},{"taxonomy":"product_tag","embeddable":true,"href":"https:\/\/www.sopha-sahara.com\/en\/wp-json\/wp\/v2\/product_tag?post=22746"}],"curies":[{"name":"wp","href":"https:\/\/api.w.org\/{rel}","templated":true}]}}