{"id":22745,"date":"2020-12-14T13:00:56","date_gmt":"2020-12-14T12:00:56","guid":{"rendered":"https:\/\/www.interbusinesschamber.com\/produit\/avene-antirougeurs-jour-creme-hydratante-protectrice-spf20-40-ml\/"},"modified":"2020-12-29T12:41:19","modified_gmt":"2020-12-29T11:41:19","slug":"avene-antirougeurs-jour-creme-hydratante-protectrice-spf20-40-ml","status":"publish","type":"product","link":"https:\/\/www.sopha-sahara.com\/en\/product\/avene-antirougeurs-jour-creme-hydratante-protectrice-spf20-40-ml\/","title":{"rendered":"AV\u00c8NE ANTIROUGEURS JOUR CR\u00c8ME HYDRATANTE PROTECTRICE SPF20 40 ML"},"content":{"rendered":"","protected":false},"excerpt":{"rendered":"<p>Av\u00e8ne Antirougeurs jour Cr\u00e8me Hydratante Protectrice spf20 Att\u00e9nue et pr\u00e9vient les rougeurs des peaux sensibles.\u00a0<\/p>\n<p>ANTIROUGEURS\u00a0<br \/>Am\u00e9liore la microcirculation cutan\u00e9e gr\u00e2ce \u00e0 l\u2019Extrait de Ruscus riche en saponines.\u00a0<\/p>\n<p>PROTECTRICE\u00a0<br \/>Enrichie en huiles v\u00e9g\u00e9tales pour le plus grand confort de votre peau.\u00a0<\/p>\n<p>APAISANTE\u00a0<br \/>Riche en Eau thermale d\u2019Av\u00e8ne, apaisante et anti-irritante, elle apporte imm\u00e9diatement une sensation de calme \u00e0 votre peau.\u00a0<\/p>\n<p>PHOTOPROTECTRICE\u00a0<br \/>Ses agents photoprotecteurs vous prot\u00e8gent des rayons UV (SPF 20).\u00a0<\/p>\n<p>D\u00c9CONGESTIONNANT\u00a0<br \/>Gr\u00e2ce \u00e0 sa teneur en Sulfate de dextran.<\/p>","protected":false},"featured_media":22657,"template":"","meta":{"arc_restricted_post":false},"product_cat":[329,48],"product_tag":[],"_links":{"self":[{"href":"https:\/\/www.sopha-sahara.com\/en\/wp-json\/wp\/v2\/product\/22745"}],"collection":[{"href":"https:\/\/www.sopha-sahara.com\/en\/wp-json\/wp\/v2\/product"}],"about":[{"href":"https:\/\/www.sopha-sahara.com\/en\/wp-json\/wp\/v2\/types\/product"}],"wp:featuredmedia":[{"embeddable":true,"href":"https:\/\/www.sopha-sahara.com\/en\/wp-json\/wp\/v2\/media\/22657"}],"wp:attachment":[{"href":"https:\/\/www.sopha-sahara.com\/en\/wp-json\/wp\/v2\/media?parent=22745"}],"wp:term":[{"taxonomy":"product_cat","embeddable":true,"href":"https:\/\/www.sopha-sahara.com\/en\/wp-json\/wp\/v2\/product_cat?post=22745"},{"taxonomy":"product_tag","embeddable":true,"href":"https:\/\/www.sopha-sahara.com\/en\/wp-json\/wp\/v2\/product_tag?post=22745"}],"curies":[{"name":"wp","href":"https:\/\/api.w.org\/{rel}","templated":true}]}}